{"id":5919,"date":"2023-11-15T12:48:32","date_gmt":"2023-11-15T11:48:32","guid":{"rendered":"https:\/\/www.it-cyberwall.com\/ethik-charta\/"},"modified":"2025-04-26T19:41:43","modified_gmt":"2025-04-26T17:41:43","slug":"ethik-charta","status":"publish","type":"page","link":"https:\/\/www.it-cyberwall.com\/de\/ethik-charta\/","title":{"rendered":"Ethik-Charta"},"content":{"rendered":"\t\t<div data-elementor-type=\"wp-page\" data-elementor-id=\"5919\" class=\"elementor elementor-5919 elementor-2197\" data-elementor-post-type=\"page\">\n\t\t\t\t\t\t<section class=\"elementor-section elementor-top-section elementor-element elementor-element-177d859 elementor-section-boxed elementor-section-height-default elementor-section-height-default\" data-id=\"177d859\" data-element_type=\"section\" data-e-type=\"section\" data-settings=\"{&quot;_ha_eqh_enable&quot;:false}\">\n\t\t\t\t\t\t<div class=\"elementor-container elementor-column-gap-default\">\n\t\t\t\t\t<div class=\"elementor-column elementor-col-100 elementor-top-column elementor-element elementor-element-b167db1\" data-id=\"b167db1\" data-element_type=\"column\" data-e-type=\"column\">\n\t\t\t<div class=\"elementor-widget-wrap elementor-element-populated\">\n\t\t\t\t\t\t<div class=\"elementor-element elementor-element-44ef9d8 elementor-widget elementor-widget-spacer\" data-id=\"44ef9d8\" data-element_type=\"widget\" data-e-type=\"widget\" data-widget_type=\"spacer.default\">\n\t\t\t\t<div class=\"elementor-widget-container\">\n\t\t\t\t\t\t\t<div class=\"elementor-spacer\">\n\t\t\t<div class=\"elementor-spacer-inner\"><\/div>\n\t\t<\/div>\n\t\t\t\t\t\t<\/div>\n\t\t\t\t<\/div>\n\t\t\t\t\t<\/div>\n\t\t<\/div>\n\t\t\t\t\t<\/div>\n\t\t<\/section>\n\t\t\t\t<section class=\"elementor-section elementor-top-section elementor-element elementor-element-85c512f elementor-section-boxed elementor-section-height-default elementor-section-height-default\" data-id=\"85c512f\" data-element_type=\"section\" data-e-type=\"section\" data-settings=\"{&quot;_ha_eqh_enable&quot;:false}\">\n\t\t\t\t\t\t<div class=\"elementor-container elementor-column-gap-default\">\n\t\t\t\t\t<div class=\"elementor-column elementor-col-100 elementor-top-column elementor-element elementor-element-277fd44\" data-id=\"277fd44\" data-element_type=\"column\" data-e-type=\"column\">\n\t\t\t<div class=\"elementor-widget-wrap elementor-element-populated\">\n\t\t\t\t\t\t<div class=\"elementor-element elementor-element-2420eab elementor-widget elementor-widget-heading\" data-id=\"2420eab\" data-element_type=\"widget\" data-e-type=\"widget\" data-widget_type=\"heading.default\">\n\t\t\t\t<div class=\"elementor-widget-container\">\n\t\t\t\t\t<h1 class=\"elementor-heading-title elementor-size-default\">Willkommen bei der Politik von IT Cyber Wall<\/h1>\t\t\t\t<\/div>\n\t\t\t\t<\/div>\n\t\t\t\t<div class=\"elementor-element elementor-element-240258a elementor-widget elementor-widget-spacer\" data-id=\"240258a\" data-element_type=\"widget\" data-e-type=\"widget\" data-widget_type=\"spacer.default\">\n\t\t\t\t<div class=\"elementor-widget-container\">\n\t\t\t\t\t\t\t<div class=\"elementor-spacer\">\n\t\t\t<div class=\"elementor-spacer-inner\"><\/div>\n\t\t<\/div>\n\t\t\t\t\t\t<\/div>\n\t\t\t\t<\/div>\n\t\t\t\t<div class=\"elementor-element elementor-element-789008d elementor-widget elementor-widget-text-editor\" data-id=\"789008d\" data-element_type=\"widget\" data-e-type=\"widget\" data-widget_type=\"text-editor.default\">\n\t\t\t\t<div class=\"elementor-widget-container\">\n\t\t\t\t\t\t\t\t\t<p>&#8222;IT Cyber Wall ist eine Marke der Pioneer Humani Group, die sich auf Wartung, Outsourcing, Backup und Cybersicherheit f\u00fcr Unternehmen spezialisiert hat.<\/p><p>Die gesamte Pioneer Humani Gruppe ist starken ethischen Werten verpflichtet und wendet eine Ethik-Charta an, die den Respekt vor moralischen Prinzipien und der Menschenw\u00fcrde garantiert. In diesem Zusammenhang stellt Pioneer Humani sicher, dass die von IT Cyber Wall angebotenen Dienste unter Beachtung der folgenden Einschr\u00e4nkungen genutzt werden: <\/p><ol><li style=\"list-style-type: none;\"><ol><li style=\"list-style-type: none;\"><ol><li>Inhalte, die als beleidigend angesehen werden (diskriminierende, rassistische oder fremdenfeindliche, revisionistische oder negationistische, verleumderische, gewaltt\u00e4tige oder zu Gewalt aufrufende Inhalte, Inhalte, die die Sensibilit\u00e4t von Kindern schockieren k\u00f6nnen, beleidigende oder allgemein als vulg\u00e4r geltende Inhalte, beleidigende Inhalte, Inhalte, die gegen die guten Sitten oder die \u00f6ffentliche Ordnung versto\u00dfen, Inhalte, die religi\u00f6se Praktiken oder \u00dcberzeugungen beleidigen, Inhalte, die obsz\u00f6n, pornografisch oder p\u00e4dophil sind), sind untersagt.<\/li><li>Im Allgemeinen sind Inhalte, die geistige Eigentumsrechte und Urheberrechte verletzen (Texte, Bilder, Videos, Gesch\u00e4ftsgeheimnisse, interne oder vertrauliche Informationen usw.), sowie jegliche Verletzung der geltenden Gesetze und Vorschriften auf den Servern, Websites und Infrastrukturen, auf denen wir t\u00e4tig sind, verboten.<\/li><li>Jeder Kunde, dessen Server, Computer, Website (oder jede andere Anwendung oder Unterst\u00fctzung) von &#8222;IT Cyber Wall&#8220; verwaltet wird, muss sicherstellen, dass kein Besucher Kommentare, Blogs oder Meinungen einbringen kann, die den folgenden Beschr\u00e4nkungen widersprechen:<\/li><\/ol><\/li><\/ol><ul><li>&#8211; Keine Kommentare mit dem Charakter einer rassistischen Beleidigung ;<\/li><li>&#8211; Keine beleidigende oder vulg\u00e4re Sprache;<\/li><li>&#8211; Keine beleidigende Sprache gegen\u00fcber religi\u00f6sen Praktiken oder \u00dcberzeugungen ;<\/li><li>&#8211; Keine revisionistischen Inhalte ;<\/li><li>&#8211; Keine pornografischen oder p\u00e4dophilen Inhalte.<\/li><\/ul><p>Aus Gr\u00fcnden der strikten Neutralit\u00e4t werden keine politischen, philosophischen oder religi\u00f6sen Inhalte von &#8222;IT Cyber Wall&#8220; verwaltet. Die Nichteinhaltung dieser ethischen Charta f\u00fchrt zu : <\/p><p>&#8211; Im Rahmen eines von &#8222;IT Cyber Wall&#8220; verwalteten Hostings: Sofortige Einstellung der f\u00fcr den betreffenden Kunden auf dem betreffenden Server erbrachten Dienstleistungen, solange der Inhalt nicht mit unserer Charta \u00fcbereinstimmt.<\/p><p>&#8211; In allen anderen F\u00e4llen ist eine Intervention von &#8222;IT Cyber Wall&#8220; nicht m\u00f6glich, solange der Inhalt nicht mit unseren Richtlinien \u00fcbereinstimmt.<\/p><h4> <\/h4><h4>Pr\u00e4zisierungen zur Anwendung der Ethik-Charta :<\/h4><p>In \u00dcbereinstimmung mit den in Artikel 3 beschriebenen Werten bedeutet die Anwendung der Ethik-Charta die systematische und kategorische Ablehnung jeglicher Links zu den folgenden Inhalten:<\/p><ul><li style=\"list-style-type: none;\"><ul><li style=\"list-style-type: none;\"><ul>&#8211; Hassreden, Bel\u00e4stigung, Beleidigungen, Drohungen, verleumderische Inhalte gegen Einzelpersonen, Gruppen, Staaten.<\/ul><\/li><\/ul><\/li><\/ul><ul><li style=\"list-style-type: none;\"><ul><li style=\"list-style-type: none;\"><ul>&#8211; Nicht jugendfreier Inhalt, der suggestiv, provozierend oder explizit ist.<\/ul><\/li><\/ul><\/li><\/ul><ul><li style=\"list-style-type: none;\"><ul><li style=\"list-style-type: none;\"><ul>&#8211; Unbegr\u00fcndete oder nicht \u00fcberpr\u00fcfbare, irref\u00fchrende oder zweideutige Informationen.<\/ul><\/li><\/ul><\/li><\/ul><ul><li style=\"list-style-type: none;\"><ul><li style=\"list-style-type: none;\"><ul>&#8211; Unlautere oder missbr\u00e4uchliche Aktivit\u00e4ten oder Inhalte.<\/ul><\/li><\/ul><\/li><\/ul><ul><li style=\"list-style-type: none;\"><ul><li style=\"list-style-type: none;\"><ul>&#8211; Religi\u00f6se Inhalte, Wahrsagerei, Astrologie, Okkultismus, etc.<\/ul><\/li><\/ul><\/li><\/ul><ul><li style=\"list-style-type: none;\"><ul><li style=\"list-style-type: none;\"><ul>&#8211; Gl\u00fccksspiel und Gl\u00fccksspiel um Geld sowie jedes Spiel, das eine Sucht oder Abh\u00e4ngigkeit verursacht.<\/ul><\/li><\/ul><\/li><\/ul><ul><li style=\"list-style-type: none;\"><ul><li style=\"list-style-type: none;\"><ul>&#8211; Waffen im Allgemeinen, Krieg, Revolte, Demonstration.<\/ul><\/li><\/ul><\/li><\/ul><ul><li style=\"list-style-type: none;\"><ul><li style=\"list-style-type: none;\"><ul>&#8211; Drogen, Tabak und alle Produkte, die eine Bedrohung f\u00fcr die Gesundheit darstellen.<\/ul><\/li><\/ul><\/li><\/ul><p>&#8211; Dating-Websites, Libertinage, Swingen oder andere.<\/p><\/li><\/ol>\t\t\t\t\t\t\t\t<\/div>\n\t\t\t\t<\/div>\n\t\t\t\t\t<\/div>\n\t\t<\/div>\n\t\t\t\t\t<\/div>\n\t\t<\/section>\n\t\t\t\t<section class=\"elementor-section elementor-top-section elementor-element elementor-element-3f9ca9e elementor-section-boxed elementor-section-height-default elementor-section-height-default\" data-id=\"3f9ca9e\" data-element_type=\"section\" data-e-type=\"section\" data-settings=\"{&quot;_ha_eqh_enable&quot;:false}\">\n\t\t\t\t\t\t<div class=\"elementor-container elementor-column-gap-default\">\n\t\t\t\t\t<div class=\"elementor-column elementor-col-100 elementor-top-column elementor-element elementor-element-9b9519b\" data-id=\"9b9519b\" data-element_type=\"column\" data-e-type=\"column\">\n\t\t\t<div class=\"elementor-widget-wrap elementor-element-populated\">\n\t\t\t\t\t\t<div class=\"elementor-element elementor-element-62eba89 elementor-widget elementor-widget-spacer\" data-id=\"62eba89\" data-element_type=\"widget\" data-e-type=\"widget\" data-widget_type=\"spacer.default\">\n\t\t\t\t<div class=\"elementor-widget-container\">\n\t\t\t\t\t\t\t<div class=\"elementor-spacer\">\n\t\t\t<div class=\"elementor-spacer-inner\"><\/div>\n\t\t<\/div>\n\t\t\t\t\t\t<\/div>\n\t\t\t\t<\/div>\n\t\t\t\t\t<\/div>\n\t\t<\/div>\n\t\t\t\t\t<\/div>\n\t\t<\/section>\n\t\t\t\t<\/div>\n\t\t","protected":false},"excerpt":{"rendered":"<p>Willkommen bei der Politik von IT Cyber Wall &#8222;IT Cyber Wall ist eine Marke der Pioneer Humani Group, die sich auf Wartung, Outsourcing, Backup und Cybersicherheit f\u00fcr Unternehmen spezialisiert hat. Die gesamte Pioneer Humani Gruppe ist starken ethischen Werten verpflichtet und wendet eine Ethik-Charta an, die den Respekt vor moralischen Prinzipien und der Menschenw\u00fcrde garantiert. <\/p>\n","protected":false},"author":2,"featured_media":0,"parent":0,"menu_order":0,"comment_status":"closed","ping_status":"closed","template":"","meta":{"_acf_changed":false,"footnotes":""},"class_list":["post-5919","page","type-page","status-publish","hentry"],"acf":[],"aioseo_notices":[],"_links":{"self":[{"href":"https:\/\/www.it-cyberwall.com\/de\/wp-json\/wp\/v2\/pages\/5919","targetHints":{"allow":["GET"]}}],"collection":[{"href":"https:\/\/www.it-cyberwall.com\/de\/wp-json\/wp\/v2\/pages"}],"about":[{"href":"https:\/\/www.it-cyberwall.com\/de\/wp-json\/wp\/v2\/types\/page"}],"author":[{"embeddable":true,"href":"https:\/\/www.it-cyberwall.com\/de\/wp-json\/wp\/v2\/users\/2"}],"replies":[{"embeddable":true,"href":"https:\/\/www.it-cyberwall.com\/de\/wp-json\/wp\/v2\/comments?post=5919"}],"version-history":[{"count":1,"href":"https:\/\/www.it-cyberwall.com\/de\/wp-json\/wp\/v2\/pages\/5919\/revisions"}],"predecessor-version":[{"id":5920,"href":"https:\/\/www.it-cyberwall.com\/de\/wp-json\/wp\/v2\/pages\/5919\/revisions\/5920"}],"wp:attachment":[{"href":"https:\/\/www.it-cyberwall.com\/de\/wp-json\/wp\/v2\/media?parent=5919"}],"curies":[{"name":"wp","href":"https:\/\/api.w.org\/{rel}","templated":true}]}}