{"id":5926,"date":"2023-11-09T13:44:52","date_gmt":"2023-11-09T12:44:52","guid":{"rendered":"https:\/\/www.it-cyberwall.com\/rechtliche-hinweise\/"},"modified":"2025-04-26T19:48:08","modified_gmt":"2025-04-26T17:48:08","slug":"rechtliche-hinweise","status":"publish","type":"page","link":"https:\/\/www.it-cyberwall.com\/de\/rechtliche-hinweise\/","title":{"rendered":"Rechtliche Hinweise"},"content":{"rendered":"\t\t<div data-elementor-type=\"wp-page\" data-elementor-id=\"5926\" class=\"elementor elementor-5926 elementor-2195\" data-elementor-post-type=\"page\">\n\t\t\t\t\t\t<section class=\"elementor-section elementor-top-section elementor-element elementor-element-084145c elementor-section-boxed elementor-section-height-default elementor-section-height-default\" data-id=\"084145c\" data-element_type=\"section\" data-e-type=\"section\" data-settings=\"{&quot;_ha_eqh_enable&quot;:false}\">\n\t\t\t\t\t\t<div class=\"elementor-container elementor-column-gap-default\">\n\t\t\t\t\t<div class=\"elementor-column elementor-col-100 elementor-top-column elementor-element elementor-element-ef4625c\" data-id=\"ef4625c\" data-element_type=\"column\" data-e-type=\"column\">\n\t\t\t<div class=\"elementor-widget-wrap elementor-element-populated\">\n\t\t\t\t\t\t<div class=\"elementor-element elementor-element-7aa1197 elementor-widget elementor-widget-spacer\" data-id=\"7aa1197\" data-element_type=\"widget\" data-e-type=\"widget\" data-widget_type=\"spacer.default\">\n\t\t\t\t<div class=\"elementor-widget-container\">\n\t\t\t\t\t\t\t<div class=\"elementor-spacer\">\n\t\t\t<div class=\"elementor-spacer-inner\"><\/div>\n\t\t<\/div>\n\t\t\t\t\t\t<\/div>\n\t\t\t\t<\/div>\n\t\t\t\t\t<\/div>\n\t\t<\/div>\n\t\t\t\t\t<\/div>\n\t\t<\/section>\n\t\t\t\t<section class=\"elementor-section elementor-top-section elementor-element elementor-element-c8b1063 elementor-section-boxed elementor-section-height-default elementor-section-height-default\" data-id=\"c8b1063\" data-element_type=\"section\" data-e-type=\"section\" data-settings=\"{&quot;_ha_eqh_enable&quot;:false}\">\n\t\t\t\t\t\t<div class=\"elementor-container elementor-column-gap-default\">\n\t\t\t\t\t<div class=\"elementor-column elementor-col-100 elementor-top-column elementor-element elementor-element-53d6fc6\" data-id=\"53d6fc6\" data-element_type=\"column\" data-e-type=\"column\">\n\t\t\t<div class=\"elementor-widget-wrap elementor-element-populated\">\n\t\t\t\t\t\t<div class=\"elementor-element elementor-element-e3232b3 elementor-widget elementor-widget-heading\" data-id=\"e3232b3\" data-element_type=\"widget\" data-e-type=\"widget\" data-widget_type=\"heading.default\">\n\t\t\t\t<div class=\"elementor-widget-container\">\n\t\t\t\t\t<h1 class=\"elementor-heading-title elementor-size-default\">Rechtliche Hinweise<\/h1>\t\t\t\t<\/div>\n\t\t\t\t<\/div>\n\t\t\t\t<div class=\"elementor-element elementor-element-ae61879 elementor-widget elementor-widget-spacer\" data-id=\"ae61879\" data-element_type=\"widget\" data-e-type=\"widget\" data-widget_type=\"spacer.default\">\n\t\t\t\t<div class=\"elementor-widget-container\">\n\t\t\t\t\t\t\t<div class=\"elementor-spacer\">\n\t\t\t<div class=\"elementor-spacer-inner\"><\/div>\n\t\t<\/div>\n\t\t\t\t\t\t<\/div>\n\t\t\t\t<\/div>\n\t\t\t\t\t<\/div>\n\t\t<\/div>\n\t\t\t\t\t<\/div>\n\t\t<\/section>\n\t\t\t\t<section class=\"elementor-section elementor-top-section elementor-element elementor-element-9554980 elementor-section-boxed elementor-section-height-default elementor-section-height-default\" data-id=\"9554980\" data-element_type=\"section\" data-e-type=\"section\" data-settings=\"{&quot;_ha_eqh_enable&quot;:false}\">\n\t\t\t\t\t\t<div class=\"elementor-container elementor-column-gap-default\">\n\t\t\t\t\t<div class=\"elementor-column elementor-col-100 elementor-top-column elementor-element elementor-element-b297a39\" data-id=\"b297a39\" data-element_type=\"column\" data-e-type=\"column\">\n\t\t\t<div class=\"elementor-widget-wrap elementor-element-populated\">\n\t\t\t\t\t\t<div class=\"elementor-element elementor-element-aa6f764 elementor-widget elementor-widget-text-editor\" data-id=\"aa6f764\" data-element_type=\"widget\" data-e-type=\"widget\" data-widget_type=\"text-editor.default\">\n\t\t\t\t<div class=\"elementor-widget-container\">\n\t\t\t\t\t\t\t\t\t<section class=\"elementor-section elementor-top-section elementor-element elementor-element-f70d598 elementor-section-boxed elementor-section-height-default elementor-section-height-default\" data-id=\"f70d598\" data-element_type=\"section\"><div class=\"elementor-container elementor-column-gap-default\"><div class=\"elementor-column elementor-col-100 elementor-top-column elementor-element elementor-element-9e20d03\" data-id=\"9e20d03\" data-element_type=\"column\"><div class=\"elementor-widget-wrap elementor-element-populated\"><div class=\"elementor-element elementor-element-24ddde7 elementor-widget elementor-widget-heading\" data-id=\"24ddde7\" data-element_type=\"widget\" data-widget_type=\"heading.default\"><div class=\"elementor-widget-container\"><h3 class=\"elementor-heading-title elementor-size-default\">Die rechtlichen Hinweise, die f\u00fcr jeden Internetnutzer gelten, der diese Website besucht.<\/h3><\/div><\/div><div class=\"elementor-element elementor-element-4dec1c0 elementor-widget elementor-widget-text-editor\" data-id=\"4dec1c0\" data-element_type=\"widget\" data-widget_type=\"text-editor.default\"><div class=\"elementor-widget-container\"><p>Die blo\u00dfe Konsultation oder der Besuch dieser Website bedeutet, dass Sie diese vorbehaltlos akzeptieren.<\/p><p>Wir weisen Sie auch darauf hin, dass diese rechtlichen Hinweise jederzeit und ohne Vorank\u00fcndigung ge\u00e4ndert werden k\u00f6nnen.<\/p><section class=\"elementor-section elementor-top-section elementor-element elementor-element-9f6f263 elementor-section-boxed elementor-section-height-default elementor-section-height-default\" data-id=\"9f6f263\" data-element_type=\"section\"><div class=\"elementor-container elementor-column-gap-default\"><div class=\"elementor-column elementor-col-50 elementor-top-column elementor-element elementor-element-1e07c33\" data-id=\"1e07c33\" data-element_type=\"column\"><div class=\"elementor-widget-wrap elementor-element-populated\"><div class=\"elementor-element elementor-element-02d0045 elementor-widget elementor-widget-text-editor\" data-id=\"02d0045\" data-element_type=\"widget\" data-widget_type=\"text-editor.default\"><div class=\"elementor-widget-container\"> <\/div><\/div><\/div><\/div><\/div><\/section><\/div><\/div><\/div><\/div><\/div><\/section>\t\t\t\t\t\t\t\t<\/div>\n\t\t\t\t<\/div>\n\t\t\t\t\t<\/div>\n\t\t<\/div>\n\t\t\t\t\t<\/div>\n\t\t<\/section>\n\t\t\t\t<section class=\"elementor-section elementor-top-section elementor-element elementor-element-175180e elementor-section-boxed elementor-section-height-default elementor-section-height-default\" data-id=\"175180e\" data-element_type=\"section\" data-e-type=\"section\" data-settings=\"{&quot;_ha_eqh_enable&quot;:false}\">\n\t\t\t\t\t\t<div class=\"elementor-container elementor-column-gap-default\">\n\t\t\t\t\t<div class=\"elementor-column elementor-col-100 elementor-top-column elementor-element elementor-element-e43d14c\" data-id=\"e43d14c\" data-element_type=\"column\" data-e-type=\"column\">\n\t\t\t<div class=\"elementor-widget-wrap elementor-element-populated\">\n\t\t\t\t\t\t<div class=\"elementor-element elementor-element-199a89b elementor-widget elementor-widget-text-editor\" data-id=\"199a89b\" data-element_type=\"widget\" data-e-type=\"widget\" data-widget_type=\"text-editor.default\">\n\t\t\t\t<div class=\"elementor-widget-container\">\n\t\t\t\t\t\t\t\t\t<h4>Rechtliche Hinweise<\/h4><div> <\/div><p>In \u00dcbereinstimmung mit dem Gesetz \u00fcber die digitale Wirtschaft (LEN), Gesetz Nr. 2004-275 f\u00fcr das Vertrauen in die digitale Wirtschaft, finden Sie hier die Kontaktdaten des Herausgebers dieser Website.<\/p><div> <\/div><h4>Herausgeber der Website<\/h4><div class=\"elementor-element elementor-element-ac9d578 elementor-widget elementor-widget-text-editor\" data-id=\"ac9d578\" data-element_type=\"widget\" data-widget_type=\"text-editor.default\"><div class=\"elementor-widget-container\"><p class=\"rtecenter\">D\u00c9DICACE SOFTWARE SAS<br \/>4, ROUTE DE LA COTE A BOURNET<br \/>16440 MOUTHIERS SUR BOEME<\/p><p class=\"rtecenter\"><span class=\"\">Gesetzlicher Vertreter <\/span>: Herr DESEE Simon,<br \/><i>Pr\u00e4sident von SAS D\u00e9dicace Software<\/i><\/p><p><span class=\"\">Ein Unternehmen der Pioneer Humani Gruppe, das f\u00fcr die Vertretung, die F\u00f6rderung, den Verkauf und die Bereitstellung von CyberWall IT-Dienstleistungen in Europa zust\u00e4ndig ist.<\/span><\/p><p><span class=\"\">Au\u00dferhalb Europas werden diese Aktivit\u00e4ten direkt von Pioneer Humani oder von seinen regionalen Zentren (&#8222;Hubs&#8220;) und deren Tochtergesellschaften durchgef\u00fchrt, je nachdem, um welche geographischen Gebiete es sich handelt.<\/span><\/p><p><span class=\"\">Die Rechnungsstellung erfolgt ebenfalls durch die f\u00fcr den Standort des Kunden zust\u00e4ndige Einheit der Gruppe.<\/span><\/p><\/div><\/div><h4 class=\"elementor-heading-title elementor-size-default\">Host der Website<\/h4><div class=\"elementor-element elementor-element-02d0045 elementor-widget elementor-widget-text-editor\" data-id=\"02d0045\" data-element_type=\"widget\" data-widget_type=\"text-editor.default\"><div class=\"elementor-widget-container\"><p>Online SAS<br \/>BP 438<br \/>75366 Paris CEDEX 08<br \/><a href=\"http:\/\/www.online.net\/\" target=\"_blank\" rel=\"noopener\">http:\/\/www.online.net<\/a><\/p><\/div><\/div>\t\t\t\t\t\t\t\t<\/div>\n\t\t\t\t<\/div>\n\t\t\t\t\t<\/div>\n\t\t<\/div>\n\t\t\t\t\t<\/div>\n\t\t<\/section>\n\t\t\t\t<section class=\"elementor-section elementor-top-section elementor-element elementor-element-c904d72 elementor-section-boxed elementor-section-height-default elementor-section-height-default\" data-id=\"c904d72\" data-element_type=\"section\" data-e-type=\"section\" data-settings=\"{&quot;_ha_eqh_enable&quot;:false}\">\n\t\t\t\t\t\t<div class=\"elementor-container elementor-column-gap-default\">\n\t\t\t\t\t<div class=\"elementor-column elementor-col-100 elementor-top-column elementor-element elementor-element-1f637bf\" data-id=\"1f637bf\" data-element_type=\"column\" data-e-type=\"column\">\n\t\t\t<div class=\"elementor-widget-wrap elementor-element-populated\">\n\t\t\t\t\t\t<div class=\"elementor-element elementor-element-4f01827 elementor-widget elementor-widget-spacer\" data-id=\"4f01827\" data-element_type=\"widget\" data-e-type=\"widget\" data-widget_type=\"spacer.default\">\n\t\t\t\t<div class=\"elementor-widget-container\">\n\t\t\t\t\t\t\t<div class=\"elementor-spacer\">\n\t\t\t<div class=\"elementor-spacer-inner\"><\/div>\n\t\t<\/div>\n\t\t\t\t\t\t<\/div>\n\t\t\t\t<\/div>\n\t\t\t\t\t<\/div>\n\t\t<\/div>\n\t\t\t\t\t<\/div>\n\t\t<\/section>\n\t\t\t\t<section class=\"elementor-section elementor-top-section elementor-element elementor-element-88818c8 elementor-section-boxed elementor-section-height-default elementor-section-height-default\" data-id=\"88818c8\" data-element_type=\"section\" data-e-type=\"section\" data-settings=\"{&quot;_ha_eqh_enable&quot;:false}\">\n\t\t\t\t\t\t<div class=\"elementor-container elementor-column-gap-default\">\n\t\t\t\t\t<div class=\"elementor-column elementor-col-100 elementor-top-column elementor-element elementor-element-4313e59\" data-id=\"4313e59\" data-element_type=\"column\" data-e-type=\"column\">\n\t\t\t<div class=\"elementor-widget-wrap elementor-element-populated\">\n\t\t\t\t\t\t<div class=\"elementor-element elementor-element-1be5f65 elementor-widget elementor-widget-text-editor\" data-id=\"1be5f65\" data-element_type=\"widget\" data-e-type=\"widget\" data-widget_type=\"text-editor.default\">\n\t\t\t\t<div class=\"elementor-widget-container\">\n\t\t\t\t\t\t\t\t\t<section class=\"elementor-section elementor-top-section elementor-element elementor-element-5246682 elementor-section-boxed elementor-section-height-default elementor-section-height-default\" data-id=\"5246682\" data-element_type=\"section\"><div class=\"elementor-container elementor-column-gap-default\"><div class=\"elementor-column elementor-col-100 elementor-top-column elementor-element elementor-element-ae27941\" data-id=\"ae27941\" data-element_type=\"column\"><div class=\"elementor-widget-wrap elementor-element-populated\"><div class=\"elementor-element elementor-element-8154294 elementor-widget elementor-widget-heading\" data-id=\"8154294\" data-element_type=\"widget\" data-widget_type=\"heading.default\"><div class=\"elementor-widget-container\"><h4 class=\"elementor-heading-title elementor-size-default\">Geistiges Eigentum<\/h4><\/div><\/div><div class=\"elementor-element elementor-element-134261d elementor-widget elementor-widget-text-editor\" data-id=\"134261d\" data-element_type=\"widget\" data-widget_type=\"text-editor.default\"><div class=\"elementor-widget-container\"><p><span class=\"\">Die Website <\/span><a href=\"http:\/\/www.it-cyberwall.com\/\">www.it-cyberwall.com<\/a><span class=\"\"> ist Eigentum der Pioneer Humani Group und wird von ihr \u00fcber ihre Tochtergesellschaft D\u00e9dicace Software SAS betrieben, die<\/span> im Folgenden als &#8222;D\u00e9dicace Software&#8220; bezeichnet wird. Alle Elemente, einschlie\u00dflich (aber nicht beschr\u00e4nkt auf) Illustrationen, Texte, Videos und andere Websites, die auf allen Seiten aufgef\u00fchrt sind, sind durch die geltenden Gesetze zum Schutz geistigen Eigentums gesch\u00fctzt. Sie sind Eigentum von D\u00e9dicace Software oder wurden ausdr\u00fccklich zur Nutzung freigegeben.  <\/p><p>Kein Teil darf ohne die schriftliche Genehmigung von D\u00e9dicace Software in irgendeiner Weise, teilweise oder vollst\u00e4ndig, auf irgendeinem Medium dupliziert, kopiert, reproduziert, modifiziert, wiederver\u00f6ffentlicht, verwendet, \u00fcbertragen, verteilt, &#8230; werden.<\/p><p>D\u00e9dicace Software beh\u00e4lt sich das Recht vor, im Falle von F\u00e4lschungen oder der Nichteinhaltung seiner geistigen Eigentumsrechte alle notwendigen rechtlichen Schritte einzuleiten.<\/p><p>Die auf dieser Website genannten Marken sind von den Unternehmen registriert, denen sie geh\u00f6ren.<\/p><\/div><\/div><\/div><\/div><\/div><\/section><section class=\"elementor-section elementor-top-section elementor-element elementor-element-06f012a elementor-section-boxed elementor-section-height-default elementor-section-height-default\" data-id=\"06f012a\" data-element_type=\"section\"><div class=\"elementor-container elementor-column-gap-default\"><div class=\"elementor-column elementor-col-100 elementor-top-column elementor-element elementor-element-a98eda5\" data-id=\"a98eda5\" data-element_type=\"column\"><div class=\"elementor-widget-wrap elementor-element-populated\"><div class=\"elementor-element elementor-element-82171bd elementor-widget elementor-widget-heading\" data-id=\"82171bd\" data-element_type=\"widget\" data-widget_type=\"heading.default\"><div class=\"elementor-widget-container\"><h4 class=\"elementor-heading-title elementor-size-default\">Verf\u00fcgbarkeit und Inhalt der Website<\/h4><\/div><\/div><div class=\"elementor-element elementor-element-dec5fd6 elementor-widget elementor-widget-text-editor\" data-id=\"dec5fd6\" data-element_type=\"widget\" data-widget_type=\"text-editor.default\"><div class=\"elementor-widget-container\"><p>D\u00e9dicace Software haftet nicht f\u00fcr die Unzug\u00e4nglichkeit oder f\u00fcr eventuelle Schwierigkeiten, die bei der Konsultation dieser Website auftreten k\u00f6nnen.<\/p><p>Der Besucher erkennt an, dass inh\u00e4rente M\u00e4ngel des Internet-Netzwerks den Zugang zu dieser Website erschweren oder unm\u00f6glich machen k\u00f6nnen.<\/p><p>D\u00e9dicace Software bem\u00fcht sich, die Daten und Erkl\u00e4rungen auf dieser Website auf dem neuesten Stand zu halten.<\/p><p>Der Besucher erkennt jedoch an, dass die Formatierung von Aktualisierungen und deren Ber\u00fccksichtigung auf dieser Website eine gewisse Zeit in Anspruch nehmen kann.<\/p><\/div><\/div><\/div><\/div><\/div><\/section>\t\t\t\t\t\t\t\t<\/div>\n\t\t\t\t<\/div>\n\t\t\t\t\t<\/div>\n\t\t<\/div>\n\t\t\t\t\t<\/div>\n\t\t<\/section>\n\t\t\t\t<section class=\"elementor-section elementor-top-section elementor-element elementor-element-21b1ccf elementor-section-boxed elementor-section-height-default elementor-section-height-default\" data-id=\"21b1ccf\" data-element_type=\"section\" data-e-type=\"section\" data-settings=\"{&quot;_ha_eqh_enable&quot;:false}\">\n\t\t\t\t\t\t<div class=\"elementor-container elementor-column-gap-default\">\n\t\t\t\t\t<div class=\"elementor-column elementor-col-100 elementor-top-column elementor-element elementor-element-f23c759\" data-id=\"f23c759\" data-element_type=\"column\" data-e-type=\"column\">\n\t\t\t<div class=\"elementor-widget-wrap elementor-element-populated\">\n\t\t\t\t\t\t<div class=\"elementor-element elementor-element-5066487 elementor-widget elementor-widget-text-editor\" data-id=\"5066487\" data-element_type=\"widget\" data-e-type=\"widget\" data-widget_type=\"text-editor.default\">\n\t\t\t\t<div class=\"elementor-widget-container\">\n\t\t\t\t\t\t\t\t\t<h4 class=\"elementor-heading-title elementor-size-default\">Hinweise zu Cookies<\/h4>\t\t\t\t\t\t\t\t<\/div>\n\t\t\t\t<\/div>\n\t\t\t\t\t<\/div>\n\t\t<\/div>\n\t\t\t\t\t<\/div>\n\t\t<\/section>\n\t\t\t\t<section class=\"elementor-section elementor-top-section elementor-element elementor-element-9549f01 elementor-section-full_width elementor-section-height-default elementor-section-height-default\" data-id=\"9549f01\" data-element_type=\"section\" data-e-type=\"section\" data-settings=\"{&quot;_ha_eqh_enable&quot;:false}\">\n\t\t\t\t\t\t<div class=\"elementor-container elementor-column-gap-default\">\n\t\t\t\t\t<div class=\"elementor-column elementor-col-100 elementor-top-column elementor-element elementor-element-0e3795e\" data-id=\"0e3795e\" data-element_type=\"column\" data-e-type=\"column\">\n\t\t\t<div class=\"elementor-widget-wrap elementor-element-populated\">\n\t\t\t\t\t\t<div class=\"elementor-element elementor-element-cd4eb74 elementor-widget elementor-widget-text-editor\" data-id=\"cd4eb74\" data-element_type=\"widget\" data-e-type=\"widget\" data-widget_type=\"text-editor.default\">\n\t\t\t\t<div class=\"elementor-widget-container\">\n\t\t\t\t\t\t\t\t\t<section class=\"elementor-section elementor-top-section elementor-element elementor-element-2f8cf8a elementor-section-boxed elementor-section-height-default elementor-section-height-default\" data-id=\"2f8cf8a\" data-element_type=\"section\"><div class=\"elementor-container elementor-column-gap-default\"><div class=\"elementor-column elementor-col-50 elementor-top-column elementor-element elementor-element-cebaea6\" data-id=\"cebaea6\" data-element_type=\"column\"><div class=\"elementor-widget-wrap elementor-element-populated\"><div class=\"elementor-element elementor-element-505ece6 elementor-widget elementor-widget-heading\" data-id=\"505ece6\" data-element_type=\"widget\" data-widget_type=\"heading.default\"><div class=\"elementor-widget-container\"><h5 class=\"elementor-heading-title elementor-size-default\">Was ist ein Cookie und wozu dient es?<\/h5><\/div><\/div><div class=\"elementor-element elementor-element-feeefb2 elementor-widget elementor-widget-text-editor\" data-id=\"feeefb2\" data-element_type=\"widget\" data-widget_type=\"text-editor.default\"><div class=\"elementor-widget-container\"><p>Ein Cookie ist eine Textdatei, die vorbehaltlich Ihrer Wahl in einem speziellen Bereich der Festplatte Ihres Endger\u00e4ts (Computer, Tablet usw.) gespeichert werden kann, wenn Sie mit Ihrer Navigationssoftware einen Online-Dienst aufrufen.<\/p><p>Es wird vom Server einer Website an Ihren Browser \u00fcbermittelt. Jedem Cookie wird eine anonyme Kennung zugewiesen. <\/p><p>Die Cookie-Datei erm\u00f6glicht es ihrem Emittenten, das Terminal zu identifizieren, in dem sie f\u00fcr die Dauer der G\u00fcltigkeit oder Registrierung des betreffenden Cookies gespeichert ist.<\/p><p>  Ein Cookie kann nicht zu einer nat\u00fcrlichen Person zur\u00fcckverfolgt werden.<\/p><\/div><\/div><\/div><\/div><\/div><\/section><section class=\"elementor-section elementor-top-section elementor-element elementor-element-34efe4c elementor-section-boxed elementor-section-height-default elementor-section-height-default\" data-id=\"34efe4c\" data-element_type=\"section\"><div class=\"elementor-container elementor-column-gap-default\"><div class=\"elementor-column elementor-col-50 elementor-top-column elementor-element elementor-element-48764db\" data-id=\"48764db\" data-element_type=\"column\"><div class=\"elementor-widget-wrap elementor-element-populated\"><div class=\"elementor-element elementor-element-23767f3 elementor-widget elementor-widget-heading\" data-id=\"23767f3\" data-element_type=\"widget\" data-widget_type=\"heading.default\"><div class=\"elementor-widget-container\"><h5 class=\"elementor-heading-title elementor-size-default\">Welche Arten von Cookies werden von unserer Website abgelegt?<\/h5><\/div><\/div><div class=\"elementor-element elementor-element-6cdce5f elementor-widget elementor-widget-text-editor\" data-id=\"6cdce5f\" data-element_type=\"widget\" data-widget_type=\"text-editor.default\"><div class=\"elementor-widget-container\"><p>Diese Website verwendet Cookies nur f\u00fcr die ordnungsgem\u00e4\u00dfe Funktion.<\/p><p>  Sie werden verwendet, um Ihre Navigationspr\u00e4ferenzen und die von Ihnen gew\u00e4hlte Anzeigesprache zu speichern.<\/p><p>Es werden keine Cookies von Dritten verwendet und es werden keine Informationen an Dritte weitergegeben.<\/p><p>Dar\u00fcber hinaus verwenden wir unseren eigenen Statistikserver, um die Relevanz des Inhalts unserer Website zu bewerten.<\/p><\/div><\/div><\/div><\/div><\/div><\/section>\t\t\t\t\t\t\t\t<\/div>\n\t\t\t\t<\/div>\n\t\t\t\t\t<\/div>\n\t\t<\/div>\n\t\t\t\t\t<\/div>\n\t\t<\/section>\n\t\t\t\t<section class=\"elementor-section elementor-top-section elementor-element elementor-element-fd20884 elementor-section-boxed elementor-section-height-default elementor-section-height-default\" data-id=\"fd20884\" data-element_type=\"section\" data-e-type=\"section\" data-settings=\"{&quot;_ha_eqh_enable&quot;:false}\">\n\t\t\t\t\t\t<div class=\"elementor-container elementor-column-gap-default\">\n\t\t\t\t\t<div class=\"elementor-column elementor-col-100 elementor-top-column elementor-element elementor-element-02a5d50\" data-id=\"02a5d50\" data-element_type=\"column\" data-e-type=\"column\">\n\t\t\t<div class=\"elementor-widget-wrap elementor-element-populated\">\n\t\t\t\t\t\t<div class=\"elementor-element elementor-element-c9cb5a0 elementor-widget elementor-widget-spacer\" data-id=\"c9cb5a0\" data-element_type=\"widget\" data-e-type=\"widget\" data-widget_type=\"spacer.default\">\n\t\t\t\t<div class=\"elementor-widget-container\">\n\t\t\t\t\t\t\t<div class=\"elementor-spacer\">\n\t\t\t<div class=\"elementor-spacer-inner\"><\/div>\n\t\t<\/div>\n\t\t\t\t\t\t<\/div>\n\t\t\t\t<\/div>\n\t\t\t\t\t<\/div>\n\t\t<\/div>\n\t\t\t\t\t<\/div>\n\t\t<\/section>\n\t\t\t\t<\/div>\n\t\t","protected":false},"excerpt":{"rendered":"<p>Rechtliche Hinweise Die rechtlichen Hinweise, die f\u00fcr jeden Internetnutzer gelten, der diese Website besucht. Die blo\u00dfe Konsultation oder der Besuch dieser Website bedeutet, dass Sie diese vorbehaltlos akzeptieren. Wir weisen Sie auch darauf hin, dass diese rechtlichen Hinweise jederzeit und ohne Vorank\u00fcndigung ge\u00e4ndert werden k\u00f6nnen. Rechtliche Hinweise In \u00dcbereinstimmung mit dem Gesetz \u00fcber die digitale <\/p>\n","protected":false},"author":2,"featured_media":0,"parent":0,"menu_order":0,"comment_status":"closed","ping_status":"closed","template":"","meta":{"_acf_changed":false,"footnotes":""},"class_list":["post-5926","page","type-page","status-publish","hentry"],"acf":[],"aioseo_notices":[],"_links":{"self":[{"href":"https:\/\/www.it-cyberwall.com\/de\/wp-json\/wp\/v2\/pages\/5926","targetHints":{"allow":["GET"]}}],"collection":[{"href":"https:\/\/www.it-cyberwall.com\/de\/wp-json\/wp\/v2\/pages"}],"about":[{"href":"https:\/\/www.it-cyberwall.com\/de\/wp-json\/wp\/v2\/types\/page"}],"author":[{"embeddable":true,"href":"https:\/\/www.it-cyberwall.com\/de\/wp-json\/wp\/v2\/users\/2"}],"replies":[{"embeddable":true,"href":"https:\/\/www.it-cyberwall.com\/de\/wp-json\/wp\/v2\/comments?post=5926"}],"version-history":[{"count":1,"href":"https:\/\/www.it-cyberwall.com\/de\/wp-json\/wp\/v2\/pages\/5926\/revisions"}],"predecessor-version":[{"id":5927,"href":"https:\/\/www.it-cyberwall.com\/de\/wp-json\/wp\/v2\/pages\/5926\/revisions\/5927"}],"wp:attachment":[{"href":"https:\/\/www.it-cyberwall.com\/de\/wp-json\/wp\/v2\/media?parent=5926"}],"curies":[{"name":"wp","href":"https:\/\/api.w.org\/{rel}","templated":true}]}}