{"id":5963,"date":"2022-06-27T07:23:08","date_gmt":"2022-06-27T05:23:08","guid":{"rendered":"https:\/\/www.it-cyberwall.com\/datenschutzrichtlinie\/"},"modified":"2025-04-26T20:09:32","modified_gmt":"2025-04-26T18:09:32","slug":"datenschutzrichtlinie","status":"publish","type":"page","link":"https:\/\/www.it-cyberwall.com\/de\/datenschutzrichtlinie\/","title":{"rendered":"Datenschutzrichtlinie"},"content":{"rendered":"\t\t<div data-elementor-type=\"wp-page\" data-elementor-id=\"5963\" class=\"elementor elementor-5963 elementor-2178\" data-elementor-post-type=\"page\">\n\t\t\t\t\t\t<section class=\"elementor-section elementor-top-section elementor-element elementor-element-31868f28 elementor-section-boxed elementor-section-height-default elementor-section-height-default\" data-id=\"31868f28\" data-element_type=\"section\" data-e-type=\"section\" data-settings=\"{&quot;_ha_eqh_enable&quot;:false}\">\n\t\t\t\t\t\t<div class=\"elementor-container elementor-column-gap-default\">\n\t\t\t\t\t<div class=\"elementor-column elementor-col-100 elementor-top-column elementor-element elementor-element-26af7de4\" data-id=\"26af7de4\" data-element_type=\"column\" data-e-type=\"column\">\n\t\t\t<div class=\"elementor-widget-wrap elementor-element-populated\">\n\t\t\t\t\t\t<div class=\"elementor-element elementor-element-ef4f29c elementor-widget elementor-widget-spacer\" data-id=\"ef4f29c\" data-element_type=\"widget\" data-e-type=\"widget\" data-widget_type=\"spacer.default\">\n\t\t\t\t<div class=\"elementor-widget-container\">\n\t\t\t\t\t\t\t<div class=\"elementor-spacer\">\n\t\t\t<div class=\"elementor-spacer-inner\"><\/div>\n\t\t<\/div>\n\t\t\t\t\t\t<\/div>\n\t\t\t\t<\/div>\n\t\t\t\t<div class=\"elementor-element elementor-element-5077ca09 elementor-widget elementor-widget-text-editor\" data-id=\"5077ca09\" data-element_type=\"widget\" data-e-type=\"widget\" data-widget_type=\"text-editor.default\">\n\t\t\t\t<div class=\"elementor-widget-container\">\n\t\t\t\t\t\t\t\t\t<h2><span style=\"color: #212121; font-family: Rubik; font-size: 15px; font-weight: 400; text-transform: none;\"><strong>Letzte Aktualisierung:<\/strong> 20. April 2025<\/span><\/h2><p>Bei <strong>IT CyberWall<\/strong> legen wir gro\u00dfen Wert auf die Vertraulichkeit und den Schutz der pers\u00f6nlichen Daten unserer Benutzer, unabh\u00e4ngig von ihrem Standort und dem Land, in dem sie leben.<\/p><p>Unsere Datenschutzrichtlinie ist so gestaltet, dass sie den europ\u00e4ischen Vorschriften (einschlie\u00dflich der <strong>DSGVO<\/strong>) entspricht, aber auch den lokalen Anforderungen, die in anderen Gerichtsbarkeiten gelten, einschlie\u00dflich Afrika, Nordamerika und anderen regulierten Gebieten. Wenn spezifische Gesetze die \u00dcbertragung von Daten ins Ausland verbieten oder regeln, sorgen wir daf\u00fcr, dass diese Gesetze strikt eingehalten werden. <\/p><p>Diese Politik soll Sie klar und transparent informieren \u00fcber :<\/p><p>\u2666 Die Daten, die wir sammeln<\/p><p>\u2666 Die Art und Weise, wie wir sie verwenden<\/p><p>\u2666 Ihre Rechte als Nutzer<\/p><p>\u2666 Die Ma\u00dfnahmen, die zum Schutz Ihrer Privatsph\u00e4re ergriffen wurden<\/p><p>NB: In diesem Dokument bezeichnet der Begriff <em data-start=\"286\" data-end=\"305\">&#8222;regionales Zentrum&#8220;<\/em> (auch als <em data-start=\"324\" data-end=\"333\">&#8222;Hub&#8220;<\/em> bezeichnet <em data-start=\"324\" data-end=\"333\">)<\/em> eine juristische Einheit der <strong data-start=\"374\" data-end=\"392\">Pioneer Humani<\/strong> Group, die f\u00fcr die Koordinierung, Unterst\u00fctzung und \u00dcberwachung der Aktivit\u00e4ten ihrer Tochtergesellschaften auf demselben Kontinent oder geographischen Gebiet zust\u00e4ndig ist. Diese Hubs k\u00f6nnen unter Beachtung der lokalen und europ\u00e4ischen Datenschutzgesetze auf Informationen zugreifen, die f\u00fcr die Erbringung von Dienstleistungen, die Einhaltung gesetzlicher Vorschriften oder f\u00fcr Support- und Kommunikationsma\u00dfnahmen im Rahmen ihrer regionalen Steuerungsfunktion unbedingt erforderlich sind. <\/p><h1>1. Identit\u00e4t des f\u00fcr die Verarbeitung Verantwortlichen<\/h1><p>Die <strong>CyberWall IT-Website<\/strong> wird von der Firma <span style=\"text-decoration: underline;\">D\u00e9dicace Software<\/span> herausgegeben, die die Pioneer Humani Gruppe in Europa vertritt und f\u00fcr die F\u00f6rderung, den Verkauf und die Bereitstellung der CyberWall IT-Dienstleistungen in diesem Gebiet verantwortlich ist. Au\u00dferhalb Europas werden diese Aktivit\u00e4ten <span style=\"text-decoration: underline;\">direkt von der Pioneer Humani<\/span> Company \u00fcber ihre regionalen Hubs und deren jeweilige Tochtergesellschaften durchgef\u00fchrt. <\/p><p>Wenn Sie Fragen zum Schutz Ihrer Daten haben, k\u00f6nnen Sie sich an unseren Datenschutzbeauftragten (DPO) wenden:<\/p><p>\ud83d\udce7 dpo@it-cyberwall.com<\/p><h1>2. Gesammelte Daten<\/h1><p>Pioneer Humani kann die folgenden Arten von Daten sammeln und sie an die geographisch relevanten Dateneinheiten der Gruppe (Hub oder Tochtergesellschaft) weiterleiten:<\/p><p>\u2666 <strong>Identifikationsdaten:<\/strong> Name, Vorname, E-Mail, Telefonnummer, Postanschrift (im Rahmen der Verwaltung Ihrer Bestellungen).<\/p><p>\u2666 <strong>Technische Daten:<\/strong> IP-Adresse, Browsertyp, bevorzugte Sprache (f\u00fcr interne statistische Zwecke wird Ihre Sprachpr\u00e4ferenz \u00fcber ein Cookie gespeichert).<\/p><p>\u2666 <strong>Daten in Bezug auf Ihre Bestellungen:<\/strong> Kaufhistorie, Rechnungsinformationen und Zahlungsmethode.<\/p><p>\u2666 <strong>Nachrichten:<\/strong> Inhalt von Anfragen \u00fcber unser Kontaktformular.<\/p><p>\u2666 <strong>Nutzungsdaten:<\/strong> besuchte Seiten, auf der Website verbrachte Zeit (\u00fcber unseren Statistikserver, der mit der Matomo-L\u00f6sung ausgestattet ist).<\/p><h1>3. Mittel zur Sammlung<\/h1><p>Die Daten werden gesammelt durch :<\/p><p>\u2666 Das <strong>Kontaktformular<\/strong><\/p><p>\u2666 Der <strong>Bestellvorgang<\/strong> \u00fcber diesen Online-Shop<\/p><p>\u2666 <strong>Funktionale Cookies und Cookies f\u00fcr die Messung des Publikums<\/strong> (einschlie\u00dflich Sprach-Cookie)<\/p><p>\u2666 <strong>Abonnements unserer Informationen \u00fcber unsere Produkte und Dienstleistungen<\/strong><\/p><h1>4. Zweck der Verarbeitung<\/h1><p>Ihre Daten werden f\u00fcr die folgenden Zwecke gesammelt:<\/p><p>\u2666 Bearbeitung und Verfolgung von <strong>Bestellungen<\/strong>, die \u00fcber unseren Online-Shop get\u00e4tigt werden<\/p><p>\u2666 Antworten auf <strong>Kontaktanfragen<\/strong><\/p><p>\u2666 Zusendung von Informationen \u00fcber unsere Produkte und Dienstleistungen (mit Ihrer Zustimmung)<\/p><p>\u2666 Verbesserung Ihrer <strong>Benutzererfahrung<\/strong> (Sprache, Einstellungen)<\/p><p>\u2666 S <strong>tatistiken \u00fcber den Besuch<\/strong> der Website (\u00fcber unseren Matomo-Server)<\/p><h1>5. Rechtsgrundlage der Verarbeitung<\/h1><p>In \u00dcbereinstimmung mit der Allgemeinen Datenschutzverordnung (DSGVO) basiert die Verarbeitung Ihrer Daten auf :<\/p><p>\u2666 <strong>Ihre Zustimmung<\/strong> (z.B. Abonnement von Informationen \u00fcber unsere Produkte und Dienstleistungen)<\/p><p>\u2666 <strong>Die Erf\u00fcllung eines Vertrages<\/strong> (Auftrag f\u00fcr Dienstleistungen)<\/p><p>\u2666 <strong>Unser berechtigtes Interesse<\/strong> (Verbesserung des Dienstes, Besuchsanalyse)<\/p><p>\u2666 <strong>Gesetzliche Verpflichtungen<\/strong> (Rechnungsstellung und andere)<\/p><h1>6. Cookies<\/h1><p>Wir verwenden Cookies, um :<\/p><p>\u2666 Navigationssprache speichern<\/p><p>\u2666 Sicherstellung des ordnungsgem\u00e4\u00dfen Funktionierens der Website, insbesondere des Teils des Online-Shops<\/p><p>\u2666 Messung des Publikums (\u00fcber unseren Statistikserver, ohne \u00dcbertragung von Daten an Dritte)<\/p><p>Sie k\u00f6nnen Ihre Cookie-Pr\u00e4ferenzen jederzeit \u00fcber das Zustimmungsmanagement-Tool verwalten (bei Bedarf integrieren).<\/p><h1>7. Empf\u00e4nger der Daten<\/h1><p>Ihre pers\u00f6nlichen Daten werden von <strong>IT CyberWall<\/strong> verarbeitet und k\u00f6nnen, abh\u00e4ngig von Ihrem Standort, <strong>den berechtigten Einheiten der Pioneer Humani Gruppe<\/strong> zug\u00e4nglich gemacht werden, insbesondere der jeweiligen regionalen Tochtergesellschaft, ihrem regionalen Zentrum und der Muttergesellschaft.<\/p><p>Dieser Zugang ist <strong>streng<\/strong> auf die Erfordernisse im Zusammenhang mit der Erbringung der Dienstleistungen, der Einhaltung gesetzlicher oder regulatorischer Verpflichtungen und gegebenenfalls auf kommerzielle Werbeaktionen <strong>beschr\u00e4nkt<\/strong>, die in \u00dcbereinstimmung mit der geltenden Datenschutzgesetzgebung durchgef\u00fchrt werden.<\/p><p>Es findet keine \u00dcbertragung an kommerzielle Dritte statt. Die Statistiken werden auf unseren eigenen Servern \u00fcber <strong>Matomo<\/strong> gehostet. <\/p><h1>8. Dauer der Aufbewahrung<\/h1><p>\u2666 <strong>Kundendaten:<\/strong> werden f\u00fcr 3 Jahre nach der letzten Interaktion oder 10 Jahre (gem\u00e4\u00df den Vorschriften in den betreffenden L\u00e4ndern) f\u00fcr Buchhaltungsdaten aufbewahrt.<\/p><p>\u2666 <strong>Kontaktdaten:<\/strong> 1 Jahr nach der letzten Kontaktaufnahme.<\/p><p>\u2666 <strong>Cookies:<\/strong> Maximal 13 Monate.<\/p><p>\u2666 <strong>Anonymisierte statistische Daten:<\/strong> bis zu 37 Monate.<\/p><h1>9. Ihre Rechte<\/h1><p>Gem\u00e4\u00df der DSGVO haben Sie die folgenden Rechte:<\/p><p>\u2666 Recht auf Zugang<\/p><p>\u2666 Recht auf Berichtigung<\/p><p>\u2666 Recht auf L\u00f6schung<\/p><p>\u2666 Recht auf Einschr\u00e4nkung der Verarbeitung<\/p><p>\u2666 Recht auf Widerspruch<\/p><p>\u2666 Recht auf \u00dcbertragbarkeit<\/p><p>Um Ihre Rechte auszu\u00fcben, wenden Sie sich bitte an :<\/p><p>\ud83d\udce7 dpo@it-cyberwall.com<\/p><p>Sie k\u00f6nnen auch eine Beschwerde bei der <strong>CNIL<\/strong> in Frankreich einreichen (www.cnil.fr).<\/p><h1>10. Datensicherheit<\/h1><p>Wir setzen alle notwendigen technischen und organisatorischen Ma\u00dfnahmen ein, um die Sicherheit Ihrer Daten zu gew\u00e4hrleisten (SSL-Verschl\u00fcsselung, gesicherte Server, Zugangsverwaltung usw.).<\/p><h1>11. Internationale Daten\u00fcbermittlung und Lokalisierung der Verarbeitung<\/h1><p>IT CyberWall verpflichtet sich, alle anwendbaren Vorschriften zum <strong>Schutz personenbezogener Daten und zur internationalen \u00dcbertragung<\/strong> einzuhalten, in \u00dcbereinstimmung mit der <strong>Allgemeinen Datenschutzverordnung (DSGVO)<\/strong> f\u00fcr europ\u00e4ische Kunden und den lokalen Gesetzen, die in anderen Gebieten gelten.<\/p><p>\u2666 <strong>F\u00fcr unsere Kunden in der Europ\u00e4ischen Union<\/strong> werden pers\u00f6nliche Daten ausschlie\u00dflich <strong>auf Servern gehostet und verarbeitet, die sich innerhalb des Europ\u00e4ischen Wirtschaftsraums (EWR)<\/strong> befinden. Es findet keine \u00dcbertragung von Daten au\u00dferhalb der EU statt, au\u00dfer wenn : <\/p><p>\u21d2 Dies ist <strong>erforderlich, um einen Dienst auszuf\u00fchren<\/strong>, der vom Nutzer <strong>explizit angefordert<\/strong> wurde;<\/p><p>\u21d2 Oder dass dies einer gerechtfertigten und betreuten <strong>gesetzlichen<\/strong> oder vertraglichen <strong>Verpflichtung<\/strong> entspricht.<\/p><p>\u2666 <strong>F\u00fcr unsere Kunden au\u00dferhalb der Europ\u00e4ischen Union<\/strong>, insbesondere in Afrika, Asien oder S\u00fcdamerika, werden die Daten <strong>so lokal wie m\u00f6glich gehostet<\/strong>, d.h. :<\/p><p>\u21d2 Entweder im Land des Kunden, wenn die verf\u00fcgbare Infrastruktur den Sicherheitsstandards und den lokalen Gesetzen entspricht;<\/p><p>\u21d2 Oder in einem <strong>Drittland, das als Land mit einem angemessenen Schutzniveau anerkannt<\/strong> ist oder in dem <strong>angemessene<\/strong> rechtliche Garantien (Standardvertragsklauseln, BCR usw.) vorhanden sind.<\/p><p>\u2666 <strong>In jedem Fall stellt IT CyberWall sicher, dass jede grenz\u00fcberschreitende \u00dcbertragung streng den geltenden gesetzlichen Rahmen einh\u00e4lt, und setzt geeignete technische und organisatorische Ma\u00dfnahmen ein, um die Sicherheit, Vertraulichkeit und Integrit\u00e4t der verarbeiteten Daten zu gew\u00e4hrleisten.<\/strong><\/p><p><span style=\"text-decoration: underline;\">Beispiel:<\/span> Daten, die von Kunden in Afrika gesammelt werden, werden nicht nach Europa oder in eine andere Jurisdiktion \u00fcbertragen, ohne vorher die Einhaltung der lokalen Gesetze zu \u00fcberpr\u00fcfen und ohne einen angemessenen rechtlichen Rahmen.<\/p><h1>13. Vorschriften nach Region<\/h1><p><strong>Nutzer mit Sitz in Marokko<\/strong><\/p><p>Gem\u00e4\u00df dem Gesetz 09-08 \u00fcber den Schutz personenbezogener Daten verpflichtet sich IT CyberWall, die personenbezogenen Daten marokkanischer Nutzer nicht ohne Genehmigung der CNDP au\u00dferhalb des nationalen Territoriums zu \u00fcbertragen. Die Dienste, technischen und gesch\u00e4ftlichen Daten werden lokal oder auf Infrastrukturen in Marokko oder in L\u00e4ndern, die von der CNDP als angemessen anerkannt sind, gehostet. <\/p><p><strong>Nutzer in anderen L\u00e4ndern Afrikas<\/strong><\/p><p>Wir halten uns an die geltenden lokalen Vorschriften \u00fcber die Datenhoheit. Wo immer m\u00f6glich, hosten wir die Daten und Dienstleistungen unserer afrikanischen Kunden in lokalen oder regionalen Infrastrukturen und vermeiden jegliche \u00dcbertragung sensibler Daten au\u00dferhalb des Kontinents ohne Zustimmung oder gerechtfertigte vertragliche Notwendigkeit. <\/p><p><strong>Nutzer mit Sitz in Brasilien<\/strong><\/p><p>In \u00dcbereinstimmung mit dem DSG werden die Daten brasilianischer Nutzer nur dann ins Ausland \u00fcbertragen, wenn das Zielland (wie die Europ\u00e4ische Union) ein angemessenes Schutzniveau gew\u00e4hrleistet, oder auf der Grundlage einer ausdr\u00fccklichen Zustimmung. IT CyberWall hostet die Dienste und sensiblen Daten seiner brasilianischen Kunden lokal, sofern vertraglich nichts anderes vereinbart wurde. <\/p><p><strong>Nutzer mit Sitz in Mexiko<\/strong><\/p><p>Gem\u00e4\u00df dem LFPDPPP informiert IT CyberWall die mexikanischen Nutzer, dass bestimmte Daten, die f\u00fcr die Auftragsabwicklung erforderlich sind (z. B. Rechnungsdaten), in der Europ\u00e4ischen Union verarbeitet werden k\u00f6nnen. Es werden keine sensiblen Daten ohne ausdr\u00fcckliche Zustimmung oder gesetzliche Verpflichtung \u00fcbertragen. <\/p><p><strong>Nutzer in Asien<\/strong><\/p><p>Wir halten uns an die geltenden lokalen Vorschriften, wie das indische Datenschutzgesetz (DPDPA 2023) oder gleichwertige Vorschriften. IT CyberWall stellt sicher, dass die Dienste und Daten asiatischer Kunden in regionalen oder lokalen Infrastrukturen gehostet werden. Es werden keine internationalen Transfers ohne gesetzliche Grundlage oder informierte Zustimmung durchgef\u00fchrt.  <\/p><p><strong>Nutzer mit Sitz in China<\/strong><\/p><p>Gem\u00e4\u00df dem PIPL-Gesetz werden keine in China gesammelten pers\u00f6nlichen Daten ohne vorherige Bewertung der Datensicherheit und ggf. Genehmigung der zust\u00e4ndigen Beh\u00f6rden ins Ausland transferiert. Die chinesischen Dienste und Daten werden ausschlie\u00dflich auf Servern in China gehostet. <\/p><h1>14. \u00c4nderungen der Politik<\/h1><p>Diese Politik kann jederzeit aktualisiert werden. Die jeweils g\u00fcltige Version ist die auf dieser Website ver\u00f6ffentlichte Version. <\/p>\t\t\t\t\t\t\t\t<\/div>\n\t\t\t\t<\/div>\n\t\t\t\t\t<\/div>\n\t\t<\/div>\n\t\t\t\t\t<\/div>\n\t\t<\/section>\n\t\t\t\t<\/div>\n\t\t","protected":false},"excerpt":{"rendered":"<p>Letzte Aktualisierung: 20. April 2025 Bei IT CyberWall legen wir gro\u00dfen Wert auf die Vertraulichkeit und den Schutz der pers\u00f6nlichen Daten unserer Benutzer, unabh\u00e4ngig von ihrem Standort und dem Land, in dem sie leben. Unsere Datenschutzrichtlinie ist so gestaltet, dass sie den europ\u00e4ischen Vorschriften (einschlie\u00dflich der DSGVO) entspricht, aber auch den lokalen Anforderungen, die in <\/p>\n","protected":false},"author":1,"featured_media":0,"parent":0,"menu_order":0,"comment_status":"closed","ping_status":"open","template":"","meta":{"_acf_changed":false,"footnotes":""},"class_list":["post-5963","page","type-page","status-publish","hentry"],"acf":[],"aioseo_notices":[],"_links":{"self":[{"href":"https:\/\/www.it-cyberwall.com\/de\/wp-json\/wp\/v2\/pages\/5963","targetHints":{"allow":["GET"]}}],"collection":[{"href":"https:\/\/www.it-cyberwall.com\/de\/wp-json\/wp\/v2\/pages"}],"about":[{"href":"https:\/\/www.it-cyberwall.com\/de\/wp-json\/wp\/v2\/types\/page"}],"author":[{"embeddable":true,"href":"https:\/\/www.it-cyberwall.com\/de\/wp-json\/wp\/v2\/users\/1"}],"replies":[{"embeddable":true,"href":"https:\/\/www.it-cyberwall.com\/de\/wp-json\/wp\/v2\/comments?post=5963"}],"version-history":[{"count":1,"href":"https:\/\/www.it-cyberwall.com\/de\/wp-json\/wp\/v2\/pages\/5963\/revisions"}],"predecessor-version":[{"id":5964,"href":"https:\/\/www.it-cyberwall.com\/de\/wp-json\/wp\/v2\/pages\/5963\/revisions\/5964"}],"wp:attachment":[{"href":"https:\/\/www.it-cyberwall.com\/de\/wp-json\/wp\/v2\/media?parent=5963"}],"curies":[{"name":"wp","href":"https:\/\/api.w.org\/{rel}","templated":true}]}}