{"id":5952,"date":"2023-11-09T13:44:52","date_gmt":"2023-11-09T12:44:52","guid":{"rendered":"https:\/\/www.it-cyberwall.com\/informacion-legal\/"},"modified":"2025-04-26T20:01:38","modified_gmt":"2025-04-26T18:01:38","slug":"informacion-legal","status":"publish","type":"page","link":"https:\/\/www.it-cyberwall.com\/es\/informacion-legal\/","title":{"rendered":"Informaci\u00f3n legal"},"content":{"rendered":"\t\t<div data-elementor-type=\"wp-page\" data-elementor-id=\"5952\" class=\"elementor elementor-5952 elementor-2195\" data-elementor-post-type=\"page\">\n\t\t\t\t\t\t<section class=\"elementor-section elementor-top-section elementor-element elementor-element-084145c elementor-section-boxed elementor-section-height-default elementor-section-height-default\" data-id=\"084145c\" data-element_type=\"section\" data-e-type=\"section\" data-settings=\"{&quot;_ha_eqh_enable&quot;:false}\">\n\t\t\t\t\t\t<div class=\"elementor-container elementor-column-gap-default\">\n\t\t\t\t\t<div class=\"elementor-column elementor-col-100 elementor-top-column elementor-element elementor-element-ef4625c\" data-id=\"ef4625c\" data-element_type=\"column\" data-e-type=\"column\">\n\t\t\t<div class=\"elementor-widget-wrap elementor-element-populated\">\n\t\t\t\t\t\t<div class=\"elementor-element elementor-element-7aa1197 elementor-widget elementor-widget-spacer\" data-id=\"7aa1197\" data-element_type=\"widget\" data-e-type=\"widget\" data-widget_type=\"spacer.default\">\n\t\t\t\t<div class=\"elementor-widget-container\">\n\t\t\t\t\t\t\t<div class=\"elementor-spacer\">\n\t\t\t<div class=\"elementor-spacer-inner\"><\/div>\n\t\t<\/div>\n\t\t\t\t\t\t<\/div>\n\t\t\t\t<\/div>\n\t\t\t\t\t<\/div>\n\t\t<\/div>\n\t\t\t\t\t<\/div>\n\t\t<\/section>\n\t\t\t\t<section class=\"elementor-section elementor-top-section elementor-element elementor-element-c8b1063 elementor-section-boxed elementor-section-height-default elementor-section-height-default\" data-id=\"c8b1063\" data-element_type=\"section\" data-e-type=\"section\" data-settings=\"{&quot;_ha_eqh_enable&quot;:false}\">\n\t\t\t\t\t\t<div class=\"elementor-container elementor-column-gap-default\">\n\t\t\t\t\t<div class=\"elementor-column elementor-col-100 elementor-top-column elementor-element elementor-element-53d6fc6\" data-id=\"53d6fc6\" data-element_type=\"column\" data-e-type=\"column\">\n\t\t\t<div class=\"elementor-widget-wrap elementor-element-populated\">\n\t\t\t\t\t\t<div class=\"elementor-element elementor-element-e3232b3 elementor-widget elementor-widget-heading\" data-id=\"e3232b3\" data-element_type=\"widget\" data-e-type=\"widget\" data-widget_type=\"heading.default\">\n\t\t\t\t<div class=\"elementor-widget-container\">\n\t\t\t\t\t<h1 class=\"elementor-heading-title elementor-size-default\">Informaci\u00f3n legal<\/h1>\t\t\t\t<\/div>\n\t\t\t\t<\/div>\n\t\t\t\t<div class=\"elementor-element elementor-element-ae61879 elementor-widget elementor-widget-spacer\" data-id=\"ae61879\" data-element_type=\"widget\" data-e-type=\"widget\" data-widget_type=\"spacer.default\">\n\t\t\t\t<div class=\"elementor-widget-container\">\n\t\t\t\t\t\t\t<div class=\"elementor-spacer\">\n\t\t\t<div class=\"elementor-spacer-inner\"><\/div>\n\t\t<\/div>\n\t\t\t\t\t\t<\/div>\n\t\t\t\t<\/div>\n\t\t\t\t\t<\/div>\n\t\t<\/div>\n\t\t\t\t\t<\/div>\n\t\t<\/section>\n\t\t\t\t<section class=\"elementor-section elementor-top-section elementor-element elementor-element-9554980 elementor-section-boxed elementor-section-height-default elementor-section-height-default\" data-id=\"9554980\" data-element_type=\"section\" data-e-type=\"section\" data-settings=\"{&quot;_ha_eqh_enable&quot;:false}\">\n\t\t\t\t\t\t<div class=\"elementor-container elementor-column-gap-default\">\n\t\t\t\t\t<div class=\"elementor-column elementor-col-100 elementor-top-column elementor-element elementor-element-b297a39\" data-id=\"b297a39\" data-element_type=\"column\" data-e-type=\"column\">\n\t\t\t<div class=\"elementor-widget-wrap elementor-element-populated\">\n\t\t\t\t\t\t<div class=\"elementor-element elementor-element-aa6f764 elementor-widget elementor-widget-text-editor\" data-id=\"aa6f764\" data-element_type=\"widget\" data-e-type=\"widget\" data-widget_type=\"text-editor.default\">\n\t\t\t\t<div class=\"elementor-widget-container\">\n\t\t\t\t\t\t\t\t\t<section class=\"elementor-section elementor-top-section elementor-element elementor-element-f70d598 elementor-section-boxed elementor-section-height-default elementor-section-height-default\" data-id=\"f70d598\" data-element_type=\"section\"><div class=\"elementor-container elementor-column-gap-default\"><div class=\"elementor-column elementor-col-100 elementor-top-column elementor-element elementor-element-9e20d03\" data-id=\"9e20d03\" data-element_type=\"column\"><div class=\"elementor-widget-wrap elementor-element-populated\"><div class=\"elementor-element elementor-element-24ddde7 elementor-widget elementor-widget-heading\" data-id=\"24ddde7\" data-element_type=\"widget\" data-widget_type=\"heading.default\"><div class=\"elementor-widget-container\"><h3 class=\"elementor-heading-title elementor-size-default\">Los avisos legales que se aplican a todos los usuarios de Internet que visitan este sitio<\/h3><\/div><\/div><div class=\"elementor-element elementor-element-4dec1c0 elementor-widget elementor-widget-text-editor\" data-id=\"4dec1c0\" data-element_type=\"widget\" data-widget_type=\"text-editor.default\"><div class=\"elementor-widget-container\"><p>La mera consulta o visita de este sitio implica la aceptaci\u00f3n sin reservas de estos t\u00e9rminos.<\/p><p>Ten en cuenta que estos avisos legales pueden modificarse en cualquier momento sin previo aviso.<\/p><section class=\"elementor-section elementor-top-section elementor-element elementor-element-9f6f263 elementor-section-boxed elementor-section-height-default elementor-section-height-default\" data-id=\"9f6f263\" data-element_type=\"section\"><div class=\"elementor-container elementor-column-gap-default\"><div class=\"elementor-column elementor-col-50 elementor-top-column elementor-element elementor-element-1e07c33\" data-id=\"1e07c33\" data-element_type=\"column\"><div class=\"elementor-widget-wrap elementor-element-populated\"><div class=\"elementor-element elementor-element-02d0045 elementor-widget elementor-widget-text-editor\" data-id=\"02d0045\" data-element_type=\"widget\" data-widget_type=\"text-editor.default\"><div class=\"elementor-widget-container\"> <\/div><\/div><\/div><\/div><\/div><\/section><\/div><\/div><\/div><\/div><\/div><\/section>\t\t\t\t\t\t\t\t<\/div>\n\t\t\t\t<\/div>\n\t\t\t\t\t<\/div>\n\t\t<\/div>\n\t\t\t\t\t<\/div>\n\t\t<\/section>\n\t\t\t\t<section class=\"elementor-section elementor-top-section elementor-element elementor-element-175180e elementor-section-boxed elementor-section-height-default elementor-section-height-default\" data-id=\"175180e\" data-element_type=\"section\" data-e-type=\"section\" data-settings=\"{&quot;_ha_eqh_enable&quot;:false}\">\n\t\t\t\t\t\t<div class=\"elementor-container elementor-column-gap-default\">\n\t\t\t\t\t<div class=\"elementor-column elementor-col-100 elementor-top-column elementor-element elementor-element-e43d14c\" data-id=\"e43d14c\" data-element_type=\"column\" data-e-type=\"column\">\n\t\t\t<div class=\"elementor-widget-wrap elementor-element-populated\">\n\t\t\t\t\t\t<div class=\"elementor-element elementor-element-199a89b elementor-widget elementor-widget-text-editor\" data-id=\"199a89b\" data-element_type=\"widget\" data-e-type=\"widget\" data-widget_type=\"text-editor.default\">\n\t\t\t\t<div class=\"elementor-widget-container\">\n\t\t\t\t\t\t\t\t\t<h4>Informaci\u00f3n legal<\/h4><div> <\/div><p>De conformidad con la Ley sobre la Econom\u00eda Digital (Loi sur l&#8217;Economie Num\u00e9rique &#8211; LEN), ley n\u00ba 2004-275 para la confianza en la econom\u00eda digital, aqu\u00ed tienes los datos de contacto del editor de este sitio web.<\/p><div> <\/div><h4>Editor del sitio web<\/h4><div class=\"elementor-element elementor-element-ac9d578 elementor-widget elementor-widget-text-editor\" data-id=\"ac9d578\" data-element_type=\"widget\" data-widget_type=\"text-editor.default\"><div class=\"elementor-widget-container\"><p class=\"rtecenter\">D\u00c9DICACE SOFTWARE SAS<br \/>4, ROUTE DE LA COTE A BOURNET<br \/>16440 MOUTHIERS SUR BOEME<\/p><p class=\"rtecenter\"><span class=\"\">Representante legal <\/span>: Sr. DESEE Simon,<br \/><i>Presidente de SAS D\u00e9dicace Software<\/i><\/p><p><span class=\"\">Forma parte del grupo Pioneer Humani, responsable de la representaci\u00f3n, promoci\u00f3n, venta y suministro de servicios inform\u00e1ticos CyberWall en Europa.<\/span><\/p><p><span class=\"\">Fuera de Europa, estas actividades son realizadas directamente por Pioneer Humani o por sus centros regionales y sus filiales, seg\u00fan la regi\u00f3n de que se trate.<\/span><\/p><p><span class=\"\">La facturaci\u00f3n tambi\u00e9n la realiza la entidad del Grupo responsable de la ubicaci\u00f3n del cliente.<\/span><\/p><\/div><\/div><h4 class=\"elementor-heading-title elementor-size-default\">Anfitri\u00f3n del sitio<\/h4><div class=\"elementor-element elementor-element-02d0045 elementor-widget elementor-widget-text-editor\" data-id=\"02d0045\" data-element_type=\"widget\" data-widget_type=\"text-editor.default\"><div class=\"elementor-widget-container\"><p>Online SAS<br \/>BP 438<br \/>75366 Par\u00eds CEDEX 08<br \/><a href=\"http:\/\/www.online.net\/\" target=\"_blank\" rel=\"noopener\">http:\/\/www.online.net<\/a><\/p><\/div><\/div>\t\t\t\t\t\t\t\t<\/div>\n\t\t\t\t<\/div>\n\t\t\t\t\t<\/div>\n\t\t<\/div>\n\t\t\t\t\t<\/div>\n\t\t<\/section>\n\t\t\t\t<section class=\"elementor-section elementor-top-section elementor-element elementor-element-c904d72 elementor-section-boxed elementor-section-height-default elementor-section-height-default\" data-id=\"c904d72\" data-element_type=\"section\" data-e-type=\"section\" data-settings=\"{&quot;_ha_eqh_enable&quot;:false}\">\n\t\t\t\t\t\t<div class=\"elementor-container elementor-column-gap-default\">\n\t\t\t\t\t<div class=\"elementor-column elementor-col-100 elementor-top-column elementor-element elementor-element-1f637bf\" data-id=\"1f637bf\" data-element_type=\"column\" data-e-type=\"column\">\n\t\t\t<div class=\"elementor-widget-wrap elementor-element-populated\">\n\t\t\t\t\t\t<div class=\"elementor-element elementor-element-4f01827 elementor-widget elementor-widget-spacer\" data-id=\"4f01827\" data-element_type=\"widget\" data-e-type=\"widget\" data-widget_type=\"spacer.default\">\n\t\t\t\t<div class=\"elementor-widget-container\">\n\t\t\t\t\t\t\t<div class=\"elementor-spacer\">\n\t\t\t<div class=\"elementor-spacer-inner\"><\/div>\n\t\t<\/div>\n\t\t\t\t\t\t<\/div>\n\t\t\t\t<\/div>\n\t\t\t\t\t<\/div>\n\t\t<\/div>\n\t\t\t\t\t<\/div>\n\t\t<\/section>\n\t\t\t\t<section class=\"elementor-section elementor-top-section elementor-element elementor-element-88818c8 elementor-section-boxed elementor-section-height-default elementor-section-height-default\" data-id=\"88818c8\" data-element_type=\"section\" data-e-type=\"section\" data-settings=\"{&quot;_ha_eqh_enable&quot;:false}\">\n\t\t\t\t\t\t<div class=\"elementor-container elementor-column-gap-default\">\n\t\t\t\t\t<div class=\"elementor-column elementor-col-100 elementor-top-column elementor-element elementor-element-4313e59\" data-id=\"4313e59\" data-element_type=\"column\" data-e-type=\"column\">\n\t\t\t<div class=\"elementor-widget-wrap elementor-element-populated\">\n\t\t\t\t\t\t<div class=\"elementor-element elementor-element-1be5f65 elementor-widget elementor-widget-text-editor\" data-id=\"1be5f65\" data-element_type=\"widget\" data-e-type=\"widget\" data-widget_type=\"text-editor.default\">\n\t\t\t\t<div class=\"elementor-widget-container\">\n\t\t\t\t\t\t\t\t\t<section class=\"elementor-section elementor-top-section elementor-element elementor-element-5246682 elementor-section-boxed elementor-section-height-default elementor-section-height-default\" data-id=\"5246682\" data-element_type=\"section\"><div class=\"elementor-container elementor-column-gap-default\"><div class=\"elementor-column elementor-col-100 elementor-top-column elementor-element elementor-element-ae27941\" data-id=\"ae27941\" data-element_type=\"column\"><div class=\"elementor-widget-wrap elementor-element-populated\"><div class=\"elementor-element elementor-element-8154294 elementor-widget elementor-widget-heading\" data-id=\"8154294\" data-element_type=\"widget\" data-widget_type=\"heading.default\"><div class=\"elementor-widget-container\"><h4 class=\"elementor-heading-title elementor-size-default\">Propiedad intelectual<\/h4><\/div><\/div><div class=\"elementor-element elementor-element-134261d elementor-widget elementor-widget-text-editor\" data-id=\"134261d\" data-element_type=\"widget\" data-widget_type=\"text-editor.default\"><div class=\"elementor-widget-container\"><p><span class=\"\"> El<\/span> <span class=\"\">sitio web <\/span><a href=\"http:\/\/www.it-cyberwall.com\/\">www.it-cyberwall.com<\/a> es propiedad y est\u00e1 gestionado por el grupo Pioneer Humani, a trav\u00e9s de su filial D\u00e9dicace Software SAS, en adelante \u00abD\u00e9dicace Software\u00bb. Todos los elementos, incluidos (sin que esta lista sea exhaustiva), ilustraciones, textos, v\u00eddeos y otros sitios indicados en todas las p\u00e1ginas est\u00e1n protegidos por la legislaci\u00f3n vigente en materia de propiedad intelectual. Son propiedad de D\u00e9dicace Software o est\u00e1n sujetos a autorizaci\u00f3n expresa de uso.  <\/p><p>Ning\u00fan elemento puede ser duplicado, copiado, reproducido, modificado, republicado, utilizado, transmitido, distribuido, etc., de ninguna manera, en su totalidad o en parte, en ning\u00fan medio, sin el permiso por escrito de D\u00e9dicace Software.<\/p><p>D\u00e9dicace Software se reserva el derecho de emprender acciones legales en caso de infracci\u00f3n o incumplimiento de sus derechos de propiedad intelectual.<\/p><p>Las marcas de este sitio web est\u00e1n registradas por las empresas propietarias de las mismas.<\/p><\/div><\/div><\/div><\/div><\/div><\/section><section class=\"elementor-section elementor-top-section elementor-element elementor-element-06f012a elementor-section-boxed elementor-section-height-default elementor-section-height-default\" data-id=\"06f012a\" data-element_type=\"section\"><div class=\"elementor-container elementor-column-gap-default\"><div class=\"elementor-column elementor-col-100 elementor-top-column elementor-element elementor-element-a98eda5\" data-id=\"a98eda5\" data-element_type=\"column\"><div class=\"elementor-widget-wrap elementor-element-populated\"><div class=\"elementor-element elementor-element-82171bd elementor-widget elementor-widget-heading\" data-id=\"82171bd\" data-element_type=\"widget\" data-widget_type=\"heading.default\"><div class=\"elementor-widget-container\"><h4 class=\"elementor-heading-title elementor-size-default\">Disponibilidad y contenido del sitio<\/h4><\/div><\/div><div class=\"elementor-element elementor-element-dec5fd6 elementor-widget elementor-widget-text-editor\" data-id=\"dec5fd6\" data-element_type=\"widget\" data-widget_type=\"text-editor.default\"><div class=\"elementor-widget-container\"><p>D\u00e9dicace Software no se hace responsable en caso de inaccesibilidad o de cualquier dificultad que pueda surgir al consultar este sitio.<\/p><p>El visitante reconoce que los fallos inherentes a la red Internet pueden dificultar o incluso imposibilitar el acceso a este sitio.<\/p><p>D\u00e9dicace Software se esfuerza por mantener actualizados los datos y explicaciones presentados en su sitio web.<\/p><p>Sin embargo, el visitante reconoce que las actualizaciones pueden tardar alg\u00fan tiempo en formatearse y tenerse en cuenta en este sitio.<\/p><\/div><\/div><\/div><\/div><\/div><\/section>\t\t\t\t\t\t\t\t<\/div>\n\t\t\t\t<\/div>\n\t\t\t\t\t<\/div>\n\t\t<\/div>\n\t\t\t\t\t<\/div>\n\t\t<\/section>\n\t\t\t\t<section class=\"elementor-section elementor-top-section elementor-element elementor-element-21b1ccf elementor-section-boxed elementor-section-height-default elementor-section-height-default\" data-id=\"21b1ccf\" data-element_type=\"section\" data-e-type=\"section\" data-settings=\"{&quot;_ha_eqh_enable&quot;:false}\">\n\t\t\t\t\t\t<div class=\"elementor-container elementor-column-gap-default\">\n\t\t\t\t\t<div class=\"elementor-column elementor-col-100 elementor-top-column elementor-element elementor-element-f23c759\" data-id=\"f23c759\" data-element_type=\"column\" data-e-type=\"column\">\n\t\t\t<div class=\"elementor-widget-wrap elementor-element-populated\">\n\t\t\t\t\t\t<div class=\"elementor-element elementor-element-5066487 elementor-widget elementor-widget-text-editor\" data-id=\"5066487\" data-element_type=\"widget\" data-e-type=\"widget\" data-widget_type=\"text-editor.default\">\n\t\t\t\t<div class=\"elementor-widget-container\">\n\t\t\t\t\t\t\t\t\t<h4 class=\"elementor-heading-title elementor-size-default\">Informaci\u00f3n sobre cookies<\/h4>\t\t\t\t\t\t\t\t<\/div>\n\t\t\t\t<\/div>\n\t\t\t\t\t<\/div>\n\t\t<\/div>\n\t\t\t\t\t<\/div>\n\t\t<\/section>\n\t\t\t\t<section class=\"elementor-section elementor-top-section elementor-element elementor-element-9549f01 elementor-section-full_width elementor-section-height-default elementor-section-height-default\" data-id=\"9549f01\" data-element_type=\"section\" data-e-type=\"section\" data-settings=\"{&quot;_ha_eqh_enable&quot;:false}\">\n\t\t\t\t\t\t<div class=\"elementor-container elementor-column-gap-default\">\n\t\t\t\t\t<div class=\"elementor-column elementor-col-100 elementor-top-column elementor-element elementor-element-0e3795e\" data-id=\"0e3795e\" data-element_type=\"column\" data-e-type=\"column\">\n\t\t\t<div class=\"elementor-widget-wrap elementor-element-populated\">\n\t\t\t\t\t\t<div class=\"elementor-element elementor-element-cd4eb74 elementor-widget elementor-widget-text-editor\" data-id=\"cd4eb74\" data-element_type=\"widget\" data-e-type=\"widget\" data-widget_type=\"text-editor.default\">\n\t\t\t\t<div class=\"elementor-widget-container\">\n\t\t\t\t\t\t\t\t\t<section class=\"elementor-section elementor-top-section elementor-element elementor-element-2f8cf8a elementor-section-boxed elementor-section-height-default elementor-section-height-default\" data-id=\"2f8cf8a\" data-element_type=\"section\"><div class=\"elementor-container elementor-column-gap-default\"><div class=\"elementor-column elementor-col-50 elementor-top-column elementor-element elementor-element-cebaea6\" data-id=\"cebaea6\" data-element_type=\"column\"><div class=\"elementor-widget-wrap elementor-element-populated\"><div class=\"elementor-element elementor-element-505ece6 elementor-widget elementor-widget-heading\" data-id=\"505ece6\" data-element_type=\"widget\" data-widget_type=\"heading.default\"><div class=\"elementor-widget-container\"><h5 class=\"elementor-heading-title elementor-size-default\">\u00bfQu\u00e9 son las cookies y para qu\u00e9 se utilizan?<\/h5><\/div><\/div><div class=\"elementor-element elementor-element-feeefb2 elementor-widget elementor-widget-text-editor\" data-id=\"feeefb2\" data-element_type=\"widget\" data-widget_type=\"text-editor.default\"><div class=\"elementor-widget-container\"><p>Una cookie es un archivo de texto que puede almacenarse, en funci\u00f3n de tus elecciones, en un espacio dedicado del disco duro de tu terminal (ordenador, tableta, etc.) cuando consultas un servicio en l\u00ednea utilizando el software de tu navegador.<\/p><p>Es transmitida por un servidor del sitio web a tu navegador. A cada cookie se le asigna un identificador an\u00f3nimo. <\/p><p>El archivo cookie permite a su emisor identificar el terminal en el que se almacena durante el periodo de validez o almacenamiento de la cookie en cuesti\u00f3n.<\/p><p>  Una cookie no puede ser rastreada hasta un individuo.<\/p><\/div><\/div><\/div><\/div><\/div><\/section><section class=\"elementor-section elementor-top-section elementor-element elementor-element-34efe4c elementor-section-boxed elementor-section-height-default elementor-section-height-default\" data-id=\"34efe4c\" data-element_type=\"section\"><div class=\"elementor-container elementor-column-gap-default\"><div class=\"elementor-column elementor-col-50 elementor-top-column elementor-element elementor-element-48764db\" data-id=\"48764db\" data-element_type=\"column\"><div class=\"elementor-widget-wrap elementor-element-populated\"><div class=\"elementor-element elementor-element-23767f3 elementor-widget elementor-widget-heading\" data-id=\"23767f3\" data-element_type=\"widget\" data-widget_type=\"heading.default\"><div class=\"elementor-widget-container\"><h5 class=\"elementor-heading-title elementor-size-default\">\u00bfQu\u00e9 tipos de cookies se colocan en nuestro sitio web?<\/h5><\/div><\/div><div class=\"elementor-element elementor-element-6cdce5f elementor-widget elementor-widget-text-editor\" data-id=\"6cdce5f\" data-element_type=\"widget\" data-widget_type=\"text-editor.default\"><div class=\"elementor-widget-container\"><p>Este sitio utiliza cookies s\u00f3lo para su correcto funcionamiento.<\/p><p>  Se utilizan para recordar tus preferencias de navegaci\u00f3n y el idioma de visualizaci\u00f3n que elijas.<\/p><p>No se utilizan cookies de terceros ni se transmite informaci\u00f3n a terceros.<\/p><p>Tambi\u00e9n utilizamos nuestro propio servidor de estad\u00edsticas para evaluar la relevancia del contenido de nuestro sitio.<\/p><\/div><\/div><\/div><\/div><\/div><\/section>\t\t\t\t\t\t\t\t<\/div>\n\t\t\t\t<\/div>\n\t\t\t\t\t<\/div>\n\t\t<\/div>\n\t\t\t\t\t<\/div>\n\t\t<\/section>\n\t\t\t\t<section class=\"elementor-section elementor-top-section elementor-element elementor-element-fd20884 elementor-section-boxed elementor-section-height-default elementor-section-height-default\" data-id=\"fd20884\" data-element_type=\"section\" data-e-type=\"section\" data-settings=\"{&quot;_ha_eqh_enable&quot;:false}\">\n\t\t\t\t\t\t<div class=\"elementor-container elementor-column-gap-default\">\n\t\t\t\t\t<div class=\"elementor-column elementor-col-100 elementor-top-column elementor-element elementor-element-02a5d50\" data-id=\"02a5d50\" data-element_type=\"column\" data-e-type=\"column\">\n\t\t\t<div class=\"elementor-widget-wrap elementor-element-populated\">\n\t\t\t\t\t\t<div class=\"elementor-element elementor-element-c9cb5a0 elementor-widget elementor-widget-spacer\" data-id=\"c9cb5a0\" data-element_type=\"widget\" data-e-type=\"widget\" data-widget_type=\"spacer.default\">\n\t\t\t\t<div class=\"elementor-widget-container\">\n\t\t\t\t\t\t\t<div class=\"elementor-spacer\">\n\t\t\t<div class=\"elementor-spacer-inner\"><\/div>\n\t\t<\/div>\n\t\t\t\t\t\t<\/div>\n\t\t\t\t<\/div>\n\t\t\t\t\t<\/div>\n\t\t<\/div>\n\t\t\t\t\t<\/div>\n\t\t<\/section>\n\t\t\t\t<\/div>\n\t\t","protected":false},"excerpt":{"rendered":"<p>Informaci\u00f3n legal Los avisos legales que se aplican a todos los usuarios de Internet que visitan este sitio La mera consulta o visita de este sitio implica la aceptaci\u00f3n sin reservas de estos t\u00e9rminos. Ten en cuenta que estos avisos legales pueden modificarse en cualquier momento sin previo aviso. Informaci\u00f3n legal De conformidad con la <\/p>\n","protected":false},"author":2,"featured_media":0,"parent":0,"menu_order":0,"comment_status":"closed","ping_status":"closed","template":"","meta":{"_acf_changed":false,"footnotes":""},"class_list":["post-5952","page","type-page","status-publish","hentry"],"acf":[],"aioseo_notices":[],"_links":{"self":[{"href":"https:\/\/www.it-cyberwall.com\/es\/wp-json\/wp\/v2\/pages\/5952","targetHints":{"allow":["GET"]}}],"collection":[{"href":"https:\/\/www.it-cyberwall.com\/es\/wp-json\/wp\/v2\/pages"}],"about":[{"href":"https:\/\/www.it-cyberwall.com\/es\/wp-json\/wp\/v2\/types\/page"}],"author":[{"embeddable":true,"href":"https:\/\/www.it-cyberwall.com\/es\/wp-json\/wp\/v2\/users\/2"}],"replies":[{"embeddable":true,"href":"https:\/\/www.it-cyberwall.com\/es\/wp-json\/wp\/v2\/comments?post=5952"}],"version-history":[{"count":1,"href":"https:\/\/www.it-cyberwall.com\/es\/wp-json\/wp\/v2\/pages\/5952\/revisions"}],"predecessor-version":[{"id":5953,"href":"https:\/\/www.it-cyberwall.com\/es\/wp-json\/wp\/v2\/pages\/5952\/revisions\/5953"}],"wp:attachment":[{"href":"https:\/\/www.it-cyberwall.com\/es\/wp-json\/wp\/v2\/media?parent=5952"}],"curies":[{"name":"wp","href":"https:\/\/api.w.org\/{rel}","templated":true}]}}