{"id":4603,"date":"2025-01-07T14:51:40","date_gmt":"2025-01-07T13:51:40","guid":{"rendered":"https:\/\/www.it-cyberwall.com\/?post_type=product&#038;p=4603"},"modified":"2025-01-07T16:06:12","modified_gmt":"2025-01-07T15:06:12","slug":"securipro-de-1er-niveau","status":"publish","type":"product","link":"https:\/\/www.it-cyberwall.com\/es\/product\/securipro-de-1er-niveau\/","title":{"rendered":"S\u00e9curiPro de 1er niveau"},"content":{"rendered":"<ul>\n<li>Protection centralis\u00e9e bas\u00e9e sur le cloud pour les Endpoints et les appareils mobiles<\/li>\n<li>Console intuitive bas\u00e9e sur le cloud avec visibilit\u00e9 et contr\u00f4le approfondis<\/li>\n<li>Apprentissage automatique haute-fid\u00e9lit\u00e9 pour une d\u00e9tection plus fiable<\/li>\n<li>Pr\u00e9vention des pertes de donn\u00e9es (DLP), chiffrement de disque, et protection contre les vuln\u00e9rabilit\u00e9s<\/li>\n<li>Contr\u00f4le des appareils et applicatif, pare-feu, r\u00e9putation d&#8217;URL et filtrage de cat\u00e9gorie Web<\/li>\n<li>Prise en charge des appareils Windows, Mac, mobiles, et Google Chromebook\u2122<\/li>\n<\/ul>\n","protected":false},"excerpt":{"rendered":"<ul>\n<li>Protection centralis\u00e9e bas\u00e9e sur le cloud pour les Endpoints et les appareils mobiles<\/li>\n<li>Console intuitive bas\u00e9e sur le cloud avec visibilit\u00e9 et contr\u00f4le approfondis<\/li>\n<li>Apprentissage automatique haute-fid\u00e9lit\u00e9 pour une d\u00e9tection plus fiable<\/li>\n<li>Pr\u00e9vention des pertes de donn\u00e9es (DLP), chiffrement de disque, et protection contre les vuln\u00e9rabilit\u00e9s<\/li>\n<li>Contr\u00f4le des appareils et applicatif, pare-feu, r\u00e9putation d&#8217;URL et filtrage de cat\u00e9gorie Web<\/li>\n<li>Prise en charge des appareils Windows, Mac, mobiles, et Google Chromebook\u2122<\/li>\n<\/ul>\n","protected":false},"featured_media":2006,"comment_status":"open","ping_status":"closed","template":"","meta":{"_acf_changed":false},"product_brand":[],"product_cat":[73,71,72],"product_tag":[],"class_list":{"0":"post-4603","1":"product","2":"type-product","3":"status-publish","4":"has-post-thumbnail","6":"product_cat-antivirus","7":"product_cat-cyber-securite","8":"product_cat-securipro","10":"first","11":"instock","12":"shipping-taxable","13":"product-type-variable"},"acf":[],"aioseo_notices":[],"_links":{"self":[{"href":"https:\/\/www.it-cyberwall.com\/es\/wp-json\/wp\/v2\/product\/4603","targetHints":{"allow":["GET"]}}],"collection":[{"href":"https:\/\/www.it-cyberwall.com\/es\/wp-json\/wp\/v2\/product"}],"about":[{"href":"https:\/\/www.it-cyberwall.com\/es\/wp-json\/wp\/v2\/types\/product"}],"replies":[{"embeddable":true,"href":"https:\/\/www.it-cyberwall.com\/es\/wp-json\/wp\/v2\/comments?post=4603"}],"wp:featuredmedia":[{"embeddable":true,"href":"https:\/\/www.it-cyberwall.com\/es\/wp-json\/wp\/v2\/media\/2006"}],"wp:attachment":[{"href":"https:\/\/www.it-cyberwall.com\/es\/wp-json\/wp\/v2\/media?parent=4603"}],"wp:term":[{"taxonomy":"product_brand","embeddable":true,"href":"https:\/\/www.it-cyberwall.com\/es\/wp-json\/wp\/v2\/product_brand?post=4603"},{"taxonomy":"product_cat","embeddable":true,"href":"https:\/\/www.it-cyberwall.com\/es\/wp-json\/wp\/v2\/product_cat?post=4603"},{"taxonomy":"product_tag","embeddable":true,"href":"https:\/\/www.it-cyberwall.com\/es\/wp-json\/wp\/v2\/product_tag?post=4603"}],"curies":[{"name":"wp","href":"https:\/\/api.w.org\/{rel}","templated":true}]}}