{"id":5921,"date":"2023-11-15T12:48:32","date_gmt":"2023-11-15T11:48:32","guid":{"rendered":"https:\/\/www.it-cyberwall.com\/codigo-de-etica\/"},"modified":"2025-04-26T19:42:21","modified_gmt":"2025-04-26T17:42:21","slug":"codigo-de-etica","status":"publish","type":"page","link":"https:\/\/www.it-cyberwall.com\/pt-br\/codigo-de-etica\/","title":{"rendered":"C\u00f3digo de \u00c9tica"},"content":{"rendered":"\t\t<div data-elementor-type=\"wp-page\" data-elementor-id=\"5921\" class=\"elementor elementor-5921 elementor-2197\" data-elementor-post-type=\"page\">\n\t\t\t\t\t\t<section class=\"elementor-section elementor-top-section elementor-element elementor-element-177d859 elementor-section-boxed elementor-section-height-default elementor-section-height-default\" data-id=\"177d859\" data-element_type=\"section\" data-e-type=\"section\" data-settings=\"{&quot;_ha_eqh_enable&quot;:false}\">\n\t\t\t\t\t\t<div class=\"elementor-container elementor-column-gap-default\">\n\t\t\t\t\t<div class=\"elementor-column elementor-col-100 elementor-top-column elementor-element elementor-element-b167db1\" data-id=\"b167db1\" data-element_type=\"column\" data-e-type=\"column\">\n\t\t\t<div class=\"elementor-widget-wrap elementor-element-populated\">\n\t\t\t\t\t\t<div class=\"elementor-element elementor-element-44ef9d8 elementor-widget elementor-widget-spacer\" data-id=\"44ef9d8\" data-element_type=\"widget\" data-e-type=\"widget\" data-widget_type=\"spacer.default\">\n\t\t\t\t<div class=\"elementor-widget-container\">\n\t\t\t\t\t\t\t<div class=\"elementor-spacer\">\n\t\t\t<div class=\"elementor-spacer-inner\"><\/div>\n\t\t<\/div>\n\t\t\t\t\t\t<\/div>\n\t\t\t\t<\/div>\n\t\t\t\t\t<\/div>\n\t\t<\/div>\n\t\t\t\t\t<\/div>\n\t\t<\/section>\n\t\t\t\t<section class=\"elementor-section elementor-top-section elementor-element elementor-element-85c512f elementor-section-boxed elementor-section-height-default elementor-section-height-default\" data-id=\"85c512f\" data-element_type=\"section\" data-e-type=\"section\" data-settings=\"{&quot;_ha_eqh_enable&quot;:false}\">\n\t\t\t\t\t\t<div class=\"elementor-container elementor-column-gap-default\">\n\t\t\t\t\t<div class=\"elementor-column elementor-col-100 elementor-top-column elementor-element elementor-element-277fd44\" data-id=\"277fd44\" data-element_type=\"column\" data-e-type=\"column\">\n\t\t\t<div class=\"elementor-widget-wrap elementor-element-populated\">\n\t\t\t\t\t\t<div class=\"elementor-element elementor-element-2420eab elementor-widget elementor-widget-heading\" data-id=\"2420eab\" data-element_type=\"widget\" data-e-type=\"widget\" data-widget_type=\"heading.default\">\n\t\t\t\t<div class=\"elementor-widget-container\">\n\t\t\t\t\t<h1 class=\"elementor-heading-title elementor-size-default\">Bem-vindo \u00e0 pol\u00edtica do Cyber Wall de TI<\/h1>\t\t\t\t<\/div>\n\t\t\t\t<\/div>\n\t\t\t\t<div class=\"elementor-element elementor-element-240258a elementor-widget elementor-widget-spacer\" data-id=\"240258a\" data-element_type=\"widget\" data-e-type=\"widget\" data-widget_type=\"spacer.default\">\n\t\t\t\t<div class=\"elementor-widget-container\">\n\t\t\t\t\t\t\t<div class=\"elementor-spacer\">\n\t\t\t<div class=\"elementor-spacer-inner\"><\/div>\n\t\t<\/div>\n\t\t\t\t\t\t<\/div>\n\t\t\t\t<\/div>\n\t\t\t\t<div class=\"elementor-element elementor-element-789008d elementor-widget elementor-widget-text-editor\" data-id=\"789008d\" data-element_type=\"widget\" data-e-type=\"widget\" data-widget_type=\"text-editor.default\">\n\t\t\t\t<div class=\"elementor-widget-container\">\n\t\t\t\t\t\t\t\t\t<p>&#8220;A IT Cyber Wall \u00e9 uma marca do grupo Pioneer Humani, especializada em manuten\u00e7\u00e3o, gerenciamento de instala\u00e7\u00f5es, backup e seguran\u00e7a cibern\u00e9tica para profissionais.<\/p><p>Todo o grupo Pioneer Humani est\u00e1 comprometido com fortes valores \u00e9ticos e aplica um c\u00f3digo de conduta que garante o respeito pelos princ\u00edpios morais e pela dignidade humana. Como tal, a Pioneer Humani assegura que os servi\u00e7os oferecidos pela &#8220;IT Cyber Wall&#8221; s\u00e3o utilizados em conformidade com as seguintes limita\u00e7\u00f5es: <\/p><ol><li style=\"list-style-type: none;\"><ol><li style=\"list-style-type: none;\"><ol><li>Qualquer conte\u00fado considerado ofensivo (conte\u00fado discriminat\u00f3rio, racista ou xen\u00f3fobo, revisionista ou negacionista, difamat\u00f3rio, violento ou que incite \u00e0 viol\u00eancia, que possa chocar a sensibilidade de jovens, ofensivo ou comumente considerado vulgar, ofensivo, contr\u00e1rio \u00e0 dec\u00eancia p\u00fablica ou \u00e0 ordem p\u00fablica, ofensivo em rela\u00e7\u00e3o a pr\u00e1ticas ou cren\u00e7as religiosas, obsceno, pornogr\u00e1fico ou ped\u00f3filo) \u00e9 proibido.<\/li><li>De modo mais geral, qualquer conte\u00fado que infrinja os direitos de propriedade intelectual e os direitos autorais (textos, imagens, v\u00eddeos, segredos comerciais, informa\u00e7\u00f5es internas ou confidenciais, etc.), bem como qualquer viola\u00e7\u00e3o das leis e regulamentos em vigor, tamb\u00e9m \u00e9 proibido nos servidores, sites e infraestruturas em que operamos.<\/li><li>Cada cliente, cujo servidor, computador, site da Internet (ou qualquer outro aplicativo ou suporte) \u00e9 gerenciado pelo &#8220;IT Cyber Wall&#8221;, deve garantir que nenhum visitante possa incluir coment\u00e1rios, blogs, opini\u00f5es contr\u00e1rias aos limites a seguir:<\/li><\/ol><\/li><\/ol><ul><li>&#8211; Aus\u00eancia de coment\u00e1rios que constituam abuso racista;<\/li><li>&#8211; N\u00e3o use linguagem abusiva ou comumente considerada vulgar;<\/li><li>&#8211; Nenhuma linguagem ofensiva a pr\u00e1ticas ou cren\u00e7as religiosas;<\/li><li>&#8211; N\u00e3o h\u00e1 conte\u00fado revisionista;<\/li><li>&#8211; N\u00e3o h\u00e1 conte\u00fado pornogr\u00e1fico ou de pedofilia.<\/li><\/ul><p>Al\u00e9m disso, por motivos de estrita neutralidade, nenhum conte\u00fado de natureza pol\u00edtica, filos\u00f3fica ou religiosa ser\u00e1 gerenciado pela &#8220;IT Cyber Wall&#8221;. O n\u00e3o cumprimento deste c\u00f3digo de conduta resultar\u00e1 em : <\/p><p>&#8211; No \u00e2mbito da hospedagem gerenciada pela &#8220;IT Cyber Wall&#8221;: cessa\u00e7\u00e3o imediata dos servi\u00e7os prestados ao cliente em quest\u00e3o no servidor em quest\u00e3o, desde que o conte\u00fado n\u00e3o esteja em conformidade com nosso estatuto.<\/p><p>&#8211; Em todos os outros casos, nenhuma interven\u00e7\u00e3o da IT Cyber Wall ser\u00e1 poss\u00edvel at\u00e9 que o conte\u00fado esteja de acordo com nosso regulamento.<\/p><h4> <\/h4><h4>Detalhes sobre a aplica\u00e7\u00e3o do C\u00f3digo de \u00c9tica:<\/h4><p>De acordo com os valores descritos no artigo 3 acima, a aplica\u00e7\u00e3o do c\u00f3digo de \u00e9tica implica a recusa sistem\u00e1tica e categ\u00f3rica de qualquer v\u00ednculo com o conte\u00fado a seguir:<\/p><ul><li style=\"list-style-type: none;\"><ul><li style=\"list-style-type: none;\"><ul>&#8211; Discurso de \u00f3dio, ass\u00e9dio, insultos, amea\u00e7as, conte\u00fado difamat\u00f3rio contra indiv\u00edduos, grupos ou estados.<\/ul><\/li><\/ul><\/li><\/ul><ul><li style=\"list-style-type: none;\"><ul><li style=\"list-style-type: none;\"><ul>&#8211; Conte\u00fado sugestivo, provocativo ou expl\u00edcito reservado para adultos.<\/ul><\/li><\/ul><\/li><\/ul><ul><li style=\"list-style-type: none;\"><ul><li style=\"list-style-type: none;\"><ul>&#8211; Informa\u00e7\u00f5es infundadas ou n\u00e3o verific\u00e1veis, enganosas ou amb\u00edguas.<\/ul><\/li><\/ul><\/li><\/ul><ul><li style=\"list-style-type: none;\"><ul><li style=\"list-style-type: none;\"><ul>&#8211; Atividades ou conte\u00fado desonesto ou abusivo.<\/ul><\/li><\/ul><\/li><\/ul><ul><li style=\"list-style-type: none;\"><ul><li style=\"list-style-type: none;\"><ul>&#8211; Conte\u00fado religioso, adivinha\u00e7\u00e3o, astrologia, ocultismo, etc.<\/ul><\/li><\/ul><\/li><\/ul><ul><li style=\"list-style-type: none;\"><ul><li style=\"list-style-type: none;\"><ul>&#8211; Jogos de azar e apostas, bem como qualquer jogo que cause v\u00edcio ou depend\u00eancia.<\/ul><\/li><\/ul><\/li><\/ul><ul><li style=\"list-style-type: none;\"><ul><li style=\"list-style-type: none;\"><ul>&#8211; Armas em geral, guerra, revolta, manifesta\u00e7\u00e3o.<\/ul><\/li><\/ul><\/li><\/ul><ul><li style=\"list-style-type: none;\"><ul><li style=\"list-style-type: none;\"><ul>&#8211; Drogas, tabaco e todos os produtos que representem uma amea\u00e7a \u00e0 sa\u00fade.<\/ul><\/li><\/ul><\/li><\/ul><p>&#8211; Sites de namoro, libertarianismo, swing ou outros.<\/p><\/li><\/ol>\t\t\t\t\t\t\t\t<\/div>\n\t\t\t\t<\/div>\n\t\t\t\t\t<\/div>\n\t\t<\/div>\n\t\t\t\t\t<\/div>\n\t\t<\/section>\n\t\t\t\t<section class=\"elementor-section elementor-top-section elementor-element elementor-element-3f9ca9e elementor-section-boxed elementor-section-height-default elementor-section-height-default\" data-id=\"3f9ca9e\" data-element_type=\"section\" data-e-type=\"section\" data-settings=\"{&quot;_ha_eqh_enable&quot;:false}\">\n\t\t\t\t\t\t<div class=\"elementor-container elementor-column-gap-default\">\n\t\t\t\t\t<div class=\"elementor-column elementor-col-100 elementor-top-column elementor-element elementor-element-9b9519b\" data-id=\"9b9519b\" data-element_type=\"column\" data-e-type=\"column\">\n\t\t\t<div class=\"elementor-widget-wrap elementor-element-populated\">\n\t\t\t\t\t\t<div class=\"elementor-element elementor-element-62eba89 elementor-widget elementor-widget-spacer\" data-id=\"62eba89\" data-element_type=\"widget\" data-e-type=\"widget\" data-widget_type=\"spacer.default\">\n\t\t\t\t<div class=\"elementor-widget-container\">\n\t\t\t\t\t\t\t<div class=\"elementor-spacer\">\n\t\t\t<div class=\"elementor-spacer-inner\"><\/div>\n\t\t<\/div>\n\t\t\t\t\t\t<\/div>\n\t\t\t\t<\/div>\n\t\t\t\t\t<\/div>\n\t\t<\/div>\n\t\t\t\t\t<\/div>\n\t\t<\/section>\n\t\t\t\t<\/div>\n\t\t","protected":false},"excerpt":{"rendered":"<p>Bem-vindo \u00e0 pol\u00edtica do Cyber Wall de TI &#8220;A IT Cyber Wall \u00e9 uma marca do grupo Pioneer Humani, especializada em manuten\u00e7\u00e3o, gerenciamento de instala\u00e7\u00f5es, backup e seguran\u00e7a cibern\u00e9tica para profissionais. Todo o grupo Pioneer Humani est\u00e1 comprometido com fortes valores \u00e9ticos e aplica um c\u00f3digo de conduta que garante o respeito pelos princ\u00edpios morais <\/p>\n","protected":false},"author":2,"featured_media":0,"parent":0,"menu_order":0,"comment_status":"closed","ping_status":"closed","template":"","meta":{"_acf_changed":false,"footnotes":""},"class_list":["post-5921","page","type-page","status-publish","hentry"],"acf":[],"aioseo_notices":[],"_links":{"self":[{"href":"https:\/\/www.it-cyberwall.com\/pt-br\/wp-json\/wp\/v2\/pages\/5921","targetHints":{"allow":["GET"]}}],"collection":[{"href":"https:\/\/www.it-cyberwall.com\/pt-br\/wp-json\/wp\/v2\/pages"}],"about":[{"href":"https:\/\/www.it-cyberwall.com\/pt-br\/wp-json\/wp\/v2\/types\/page"}],"author":[{"embeddable":true,"href":"https:\/\/www.it-cyberwall.com\/pt-br\/wp-json\/wp\/v2\/users\/2"}],"replies":[{"embeddable":true,"href":"https:\/\/www.it-cyberwall.com\/pt-br\/wp-json\/wp\/v2\/comments?post=5921"}],"version-history":[{"count":1,"href":"https:\/\/www.it-cyberwall.com\/pt-br\/wp-json\/wp\/v2\/pages\/5921\/revisions"}],"predecessor-version":[{"id":5922,"href":"https:\/\/www.it-cyberwall.com\/pt-br\/wp-json\/wp\/v2\/pages\/5921\/revisions\/5922"}],"wp:attachment":[{"href":"https:\/\/www.it-cyberwall.com\/pt-br\/wp-json\/wp\/v2\/media?parent=5921"}],"curies":[{"name":"wp","href":"https:\/\/api.w.org\/{rel}","templated":true}]}}