{"id":5928,"date":"2023-11-09T13:44:52","date_gmt":"2023-11-09T12:44:52","guid":{"rendered":"https:\/\/www.it-cyberwall.com\/informacoes-legais\/"},"modified":"2025-04-26T19:48:38","modified_gmt":"2025-04-26T17:48:38","slug":"informacoes-legais","status":"publish","type":"page","link":"https:\/\/www.it-cyberwall.com\/pt-br\/informacoes-legais\/","title":{"rendered":"Informa\u00e7\u00f5es legais"},"content":{"rendered":"\t\t<div data-elementor-type=\"wp-page\" data-elementor-id=\"5928\" class=\"elementor elementor-5928 elementor-2195\" data-elementor-post-type=\"page\">\n\t\t\t\t\t\t<section class=\"elementor-section elementor-top-section elementor-element elementor-element-084145c elementor-section-boxed elementor-section-height-default elementor-section-height-default\" data-id=\"084145c\" data-element_type=\"section\" data-e-type=\"section\" data-settings=\"{&quot;_ha_eqh_enable&quot;:false}\">\n\t\t\t\t\t\t<div class=\"elementor-container elementor-column-gap-default\">\n\t\t\t\t\t<div class=\"elementor-column elementor-col-100 elementor-top-column elementor-element elementor-element-ef4625c\" data-id=\"ef4625c\" data-element_type=\"column\" data-e-type=\"column\">\n\t\t\t<div class=\"elementor-widget-wrap elementor-element-populated\">\n\t\t\t\t\t\t<div class=\"elementor-element elementor-element-7aa1197 elementor-widget elementor-widget-spacer\" data-id=\"7aa1197\" data-element_type=\"widget\" data-e-type=\"widget\" data-widget_type=\"spacer.default\">\n\t\t\t\t<div class=\"elementor-widget-container\">\n\t\t\t\t\t\t\t<div class=\"elementor-spacer\">\n\t\t\t<div class=\"elementor-spacer-inner\"><\/div>\n\t\t<\/div>\n\t\t\t\t\t\t<\/div>\n\t\t\t\t<\/div>\n\t\t\t\t\t<\/div>\n\t\t<\/div>\n\t\t\t\t\t<\/div>\n\t\t<\/section>\n\t\t\t\t<section class=\"elementor-section elementor-top-section elementor-element elementor-element-c8b1063 elementor-section-boxed elementor-section-height-default elementor-section-height-default\" data-id=\"c8b1063\" data-element_type=\"section\" data-e-type=\"section\" data-settings=\"{&quot;_ha_eqh_enable&quot;:false}\">\n\t\t\t\t\t\t<div class=\"elementor-container elementor-column-gap-default\">\n\t\t\t\t\t<div class=\"elementor-column elementor-col-100 elementor-top-column elementor-element elementor-element-53d6fc6\" data-id=\"53d6fc6\" data-element_type=\"column\" data-e-type=\"column\">\n\t\t\t<div class=\"elementor-widget-wrap elementor-element-populated\">\n\t\t\t\t\t\t<div class=\"elementor-element elementor-element-e3232b3 elementor-widget elementor-widget-heading\" data-id=\"e3232b3\" data-element_type=\"widget\" data-e-type=\"widget\" data-widget_type=\"heading.default\">\n\t\t\t\t<div class=\"elementor-widget-container\">\n\t\t\t\t\t<h1 class=\"elementor-heading-title elementor-size-default\">Informa\u00e7\u00f5es legais<\/h1>\t\t\t\t<\/div>\n\t\t\t\t<\/div>\n\t\t\t\t<div class=\"elementor-element elementor-element-ae61879 elementor-widget elementor-widget-spacer\" data-id=\"ae61879\" data-element_type=\"widget\" data-e-type=\"widget\" data-widget_type=\"spacer.default\">\n\t\t\t\t<div class=\"elementor-widget-container\">\n\t\t\t\t\t\t\t<div class=\"elementor-spacer\">\n\t\t\t<div class=\"elementor-spacer-inner\"><\/div>\n\t\t<\/div>\n\t\t\t\t\t\t<\/div>\n\t\t\t\t<\/div>\n\t\t\t\t\t<\/div>\n\t\t<\/div>\n\t\t\t\t\t<\/div>\n\t\t<\/section>\n\t\t\t\t<section class=\"elementor-section elementor-top-section elementor-element elementor-element-9554980 elementor-section-boxed elementor-section-height-default elementor-section-height-default\" data-id=\"9554980\" data-element_type=\"section\" data-e-type=\"section\" data-settings=\"{&quot;_ha_eqh_enable&quot;:false}\">\n\t\t\t\t\t\t<div class=\"elementor-container elementor-column-gap-default\">\n\t\t\t\t\t<div class=\"elementor-column elementor-col-100 elementor-top-column elementor-element elementor-element-b297a39\" data-id=\"b297a39\" data-element_type=\"column\" data-e-type=\"column\">\n\t\t\t<div class=\"elementor-widget-wrap elementor-element-populated\">\n\t\t\t\t\t\t<div class=\"elementor-element elementor-element-aa6f764 elementor-widget elementor-widget-text-editor\" data-id=\"aa6f764\" data-element_type=\"widget\" data-e-type=\"widget\" data-widget_type=\"text-editor.default\">\n\t\t\t\t<div class=\"elementor-widget-container\">\n\t\t\t\t\t\t\t\t\t<section class=\"elementor-section elementor-top-section elementor-element elementor-element-f70d598 elementor-section-boxed elementor-section-height-default elementor-section-height-default\" data-id=\"f70d598\" data-element_type=\"section\"><div class=\"elementor-container elementor-column-gap-default\"><div class=\"elementor-column elementor-col-100 elementor-top-column elementor-element elementor-element-9e20d03\" data-id=\"9e20d03\" data-element_type=\"column\"><div class=\"elementor-widget-wrap elementor-element-populated\"><div class=\"elementor-element elementor-element-24ddde7 elementor-widget elementor-widget-heading\" data-id=\"24ddde7\" data-element_type=\"widget\" data-widget_type=\"heading.default\"><div class=\"elementor-widget-container\"><h3 class=\"elementor-heading-title elementor-size-default\">Os avisos legais que se aplicam a todos os usu\u00e1rios da Internet que visitam este site<\/h3><\/div><\/div><div class=\"elementor-element elementor-element-4dec1c0 elementor-widget elementor-widget-text-editor\" data-id=\"4dec1c0\" data-element_type=\"widget\" data-widget_type=\"text-editor.default\"><div class=\"elementor-widget-container\"><p>A simples consulta ou visita a este site implica a aceita\u00e7\u00e3o irrestrita desses termos.<\/p><p>Observe que esses avisos legais podem ser alterados a qualquer momento sem aviso pr\u00e9vio.<\/p><section class=\"elementor-section elementor-top-section elementor-element elementor-element-9f6f263 elementor-section-boxed elementor-section-height-default elementor-section-height-default\" data-id=\"9f6f263\" data-element_type=\"section\"><div class=\"elementor-container elementor-column-gap-default\"><div class=\"elementor-column elementor-col-50 elementor-top-column elementor-element elementor-element-1e07c33\" data-id=\"1e07c33\" data-element_type=\"column\"><div class=\"elementor-widget-wrap elementor-element-populated\"><div class=\"elementor-element elementor-element-02d0045 elementor-widget elementor-widget-text-editor\" data-id=\"02d0045\" data-element_type=\"widget\" data-widget_type=\"text-editor.default\"><div class=\"elementor-widget-container\"> <\/div><\/div><\/div><\/div><\/div><\/section><\/div><\/div><\/div><\/div><\/div><\/section>\t\t\t\t\t\t\t\t<\/div>\n\t\t\t\t<\/div>\n\t\t\t\t\t<\/div>\n\t\t<\/div>\n\t\t\t\t\t<\/div>\n\t\t<\/section>\n\t\t\t\t<section class=\"elementor-section elementor-top-section elementor-element elementor-element-175180e elementor-section-boxed elementor-section-height-default elementor-section-height-default\" data-id=\"175180e\" data-element_type=\"section\" data-e-type=\"section\" data-settings=\"{&quot;_ha_eqh_enable&quot;:false}\">\n\t\t\t\t\t\t<div class=\"elementor-container elementor-column-gap-default\">\n\t\t\t\t\t<div class=\"elementor-column elementor-col-100 elementor-top-column elementor-element elementor-element-e43d14c\" data-id=\"e43d14c\" data-element_type=\"column\" data-e-type=\"column\">\n\t\t\t<div class=\"elementor-widget-wrap elementor-element-populated\">\n\t\t\t\t\t\t<div class=\"elementor-element elementor-element-199a89b elementor-widget elementor-widget-text-editor\" data-id=\"199a89b\" data-element_type=\"widget\" data-e-type=\"widget\" data-widget_type=\"text-editor.default\">\n\t\t\t\t<div class=\"elementor-widget-container\">\n\t\t\t\t\t\t\t\t\t<h4>Informa\u00e7\u00f5es legais<\/h4><div> <\/div><p>De acordo com a Lei da Economia Digital Francesa (Loi sur l&#8217;Economie Num\u00e9rique &#8211; LEN), lei n\u00ba 2004-275 para confian\u00e7a na economia digital, aqui est\u00e3o os detalhes de contato do editor deste site.<\/p><div> <\/div><h4>Editor do site<\/h4><div class=\"elementor-element elementor-element-ac9d578 elementor-widget elementor-widget-text-editor\" data-id=\"ac9d578\" data-element_type=\"widget\" data-widget_type=\"text-editor.default\"><div class=\"elementor-widget-container\"><p class=\"rtecenter\">D\u00c9DICACE SOFTWARE SAS<br \/>4, ROUTE DE LA COTE A BOURNET<br \/>16440 MOUTHIERS SUR BOEME<\/p><p class=\"rtecenter\"><span class=\"\">Representante legal <\/span>: Sr. DESEE Simon,<br \/><i>Presidente da SAS D\u00e9dicace Software<\/i><\/p><p><span class=\"\">Parte do grupo Pioneer Humani, respons\u00e1vel pela representa\u00e7\u00e3o, promo\u00e7\u00e3o, venda e fornecimento de servi\u00e7os de TI da CyberWall na Europa.<\/span><\/p><p><span class=\"\">Fora da Europa, essas atividades s\u00e3o realizadas diretamente pela Pioneer Humani ou por seus centros regionais e suas subsidi\u00e1rias, dependendo da regi\u00e3o em quest\u00e3o.<\/span><\/p><p><span class=\"\">O faturamento tamb\u00e9m \u00e9 realizado pela entidade do Grupo respons\u00e1vel pela localiza\u00e7\u00e3o do cliente.<\/span><\/p><\/div><\/div><h4 class=\"elementor-heading-title elementor-size-default\">Hospedagem do site<\/h4><div class=\"elementor-element elementor-element-02d0045 elementor-widget elementor-widget-text-editor\" data-id=\"02d0045\" data-element_type=\"widget\" data-widget_type=\"text-editor.default\"><div class=\"elementor-widget-container\"><p>Online SAS<br \/>BP 438<br \/>75366 Paris CEDEX 08<br \/><a href=\"http:\/\/www.online.net\/\" target=\"_blank\" rel=\"noopener\">http:\/\/www.online.net<\/a><\/p><\/div><\/div>\t\t\t\t\t\t\t\t<\/div>\n\t\t\t\t<\/div>\n\t\t\t\t\t<\/div>\n\t\t<\/div>\n\t\t\t\t\t<\/div>\n\t\t<\/section>\n\t\t\t\t<section class=\"elementor-section elementor-top-section elementor-element elementor-element-c904d72 elementor-section-boxed elementor-section-height-default elementor-section-height-default\" data-id=\"c904d72\" data-element_type=\"section\" data-e-type=\"section\" data-settings=\"{&quot;_ha_eqh_enable&quot;:false}\">\n\t\t\t\t\t\t<div class=\"elementor-container elementor-column-gap-default\">\n\t\t\t\t\t<div class=\"elementor-column elementor-col-100 elementor-top-column elementor-element elementor-element-1f637bf\" data-id=\"1f637bf\" data-element_type=\"column\" data-e-type=\"column\">\n\t\t\t<div class=\"elementor-widget-wrap elementor-element-populated\">\n\t\t\t\t\t\t<div class=\"elementor-element elementor-element-4f01827 elementor-widget elementor-widget-spacer\" data-id=\"4f01827\" data-element_type=\"widget\" data-e-type=\"widget\" data-widget_type=\"spacer.default\">\n\t\t\t\t<div class=\"elementor-widget-container\">\n\t\t\t\t\t\t\t<div class=\"elementor-spacer\">\n\t\t\t<div class=\"elementor-spacer-inner\"><\/div>\n\t\t<\/div>\n\t\t\t\t\t\t<\/div>\n\t\t\t\t<\/div>\n\t\t\t\t\t<\/div>\n\t\t<\/div>\n\t\t\t\t\t<\/div>\n\t\t<\/section>\n\t\t\t\t<section class=\"elementor-section elementor-top-section elementor-element elementor-element-88818c8 elementor-section-boxed elementor-section-height-default elementor-section-height-default\" data-id=\"88818c8\" data-element_type=\"section\" data-e-type=\"section\" data-settings=\"{&quot;_ha_eqh_enable&quot;:false}\">\n\t\t\t\t\t\t<div class=\"elementor-container elementor-column-gap-default\">\n\t\t\t\t\t<div class=\"elementor-column elementor-col-100 elementor-top-column elementor-element elementor-element-4313e59\" data-id=\"4313e59\" data-element_type=\"column\" data-e-type=\"column\">\n\t\t\t<div class=\"elementor-widget-wrap elementor-element-populated\">\n\t\t\t\t\t\t<div class=\"elementor-element elementor-element-1be5f65 elementor-widget elementor-widget-text-editor\" data-id=\"1be5f65\" data-element_type=\"widget\" data-e-type=\"widget\" data-widget_type=\"text-editor.default\">\n\t\t\t\t<div class=\"elementor-widget-container\">\n\t\t\t\t\t\t\t\t\t<section class=\"elementor-section elementor-top-section elementor-element elementor-element-5246682 elementor-section-boxed elementor-section-height-default elementor-section-height-default\" data-id=\"5246682\" data-element_type=\"section\"><div class=\"elementor-container elementor-column-gap-default\"><div class=\"elementor-column elementor-col-100 elementor-top-column elementor-element elementor-element-ae27941\" data-id=\"ae27941\" data-element_type=\"column\"><div class=\"elementor-widget-wrap elementor-element-populated\"><div class=\"elementor-element elementor-element-8154294 elementor-widget elementor-widget-heading\" data-id=\"8154294\" data-element_type=\"widget\" data-widget_type=\"heading.default\"><div class=\"elementor-widget-container\"><h4 class=\"elementor-heading-title elementor-size-default\">Propriedade intelectual<\/h4><\/div><\/div><div class=\"elementor-element elementor-element-134261d elementor-widget elementor-widget-text-editor\" data-id=\"134261d\" data-element_type=\"widget\" data-widget_type=\"text-editor.default\"><div class=\"elementor-widget-container\"><p><span class=\"\">O site <\/span><a href=\"http:\/\/www.it-cyberwall.com\/\">www.it-cyberwall.com<\/a><span class=\"\"> \u00e9 de propriedade e operado pelo grupo Pioneer Humani, por meio de sua subsidi\u00e1ria D\u00e9dicace Software SAS<\/span>, doravante denominada &#8220;D\u00e9dicace Software&#8221;. Todos os elementos, incluindo (sem que esta lista seja exaustiva), ilustra\u00e7\u00f5es, textos, v\u00eddeos e outros sites indicados em todas as p\u00e1ginas s\u00e3o protegidos pelas leis em vigor sobre propriedade intelectual. Eles s\u00e3o de propriedade da D\u00e9dicace Software ou est\u00e3o sujeitos \u00e0 autoriza\u00e7\u00e3o expressa de uso.  <\/p><p>Nenhum elemento pode ser duplicado, copiado, reproduzido, modificado, republicado, usado, transmitido, distribu\u00eddo, etc., de qualquer forma, no todo ou em parte, em qualquer m\u00eddia, sem a permiss\u00e3o por escrito da D\u00e9dicace Software.<\/p><p>A D\u00e9dicace Software se reserva o direito de tomar medidas legais em caso de viola\u00e7\u00e3o ou n\u00e3o conformidade com seus direitos de propriedade intelectual.<\/p><p>As marcas comerciais deste site s\u00e3o registradas pelas empresas que as det\u00eam.<\/p><\/div><\/div><\/div><\/div><\/div><\/section><section class=\"elementor-section elementor-top-section elementor-element elementor-element-06f012a elementor-section-boxed elementor-section-height-default elementor-section-height-default\" data-id=\"06f012a\" data-element_type=\"section\"><div class=\"elementor-container elementor-column-gap-default\"><div class=\"elementor-column elementor-col-100 elementor-top-column elementor-element elementor-element-a98eda5\" data-id=\"a98eda5\" data-element_type=\"column\"><div class=\"elementor-widget-wrap elementor-element-populated\"><div class=\"elementor-element elementor-element-82171bd elementor-widget elementor-widget-heading\" data-id=\"82171bd\" data-element_type=\"widget\" data-widget_type=\"heading.default\"><div class=\"elementor-widget-container\"><h4 class=\"elementor-heading-title elementor-size-default\">Disponibilidade e conte\u00fado do site<\/h4><\/div><\/div><div class=\"elementor-element elementor-element-dec5fd6 elementor-widget elementor-widget-text-editor\" data-id=\"dec5fd6\" data-element_type=\"widget\" data-widget_type=\"text-editor.default\"><div class=\"elementor-widget-container\"><p>A D\u00e9dicace Software n\u00e3o pode ser responsabilizada em caso de inacessibilidade ou quaisquer dificuldades que possam surgir ao consultar este site.<\/p><p>O visitante reconhece que as falhas inerentes \u00e0 rede da Internet podem dificultar ou at\u00e9 mesmo impedir o acesso a este site.<\/p><p>A D\u00e9dicace Software se esfor\u00e7a para manter atualizados os dados e explica\u00e7\u00f5es apresentados em seu site.<\/p><p>No entanto, o visitante reconhece que pode levar algum tempo para que as atualiza\u00e7\u00f5es sejam formatadas e levadas em conta neste site.<\/p><\/div><\/div><\/div><\/div><\/div><\/section>\t\t\t\t\t\t\t\t<\/div>\n\t\t\t\t<\/div>\n\t\t\t\t\t<\/div>\n\t\t<\/div>\n\t\t\t\t\t<\/div>\n\t\t<\/section>\n\t\t\t\t<section class=\"elementor-section elementor-top-section elementor-element elementor-element-21b1ccf elementor-section-boxed elementor-section-height-default elementor-section-height-default\" data-id=\"21b1ccf\" data-element_type=\"section\" data-e-type=\"section\" data-settings=\"{&quot;_ha_eqh_enable&quot;:false}\">\n\t\t\t\t\t\t<div class=\"elementor-container elementor-column-gap-default\">\n\t\t\t\t\t<div class=\"elementor-column elementor-col-100 elementor-top-column elementor-element elementor-element-f23c759\" data-id=\"f23c759\" data-element_type=\"column\" data-e-type=\"column\">\n\t\t\t<div class=\"elementor-widget-wrap elementor-element-populated\">\n\t\t\t\t\t\t<div class=\"elementor-element elementor-element-5066487 elementor-widget elementor-widget-text-editor\" data-id=\"5066487\" data-element_type=\"widget\" data-e-type=\"widget\" data-widget_type=\"text-editor.default\">\n\t\t\t\t<div class=\"elementor-widget-container\">\n\t\t\t\t\t\t\t\t\t<h4 class=\"elementor-heading-title elementor-size-default\">Informa\u00e7\u00f5es sobre cookies<\/h4>\t\t\t\t\t\t\t\t<\/div>\n\t\t\t\t<\/div>\n\t\t\t\t\t<\/div>\n\t\t<\/div>\n\t\t\t\t\t<\/div>\n\t\t<\/section>\n\t\t\t\t<section class=\"elementor-section elementor-top-section elementor-element elementor-element-9549f01 elementor-section-full_width elementor-section-height-default elementor-section-height-default\" data-id=\"9549f01\" data-element_type=\"section\" data-e-type=\"section\" data-settings=\"{&quot;_ha_eqh_enable&quot;:false}\">\n\t\t\t\t\t\t<div class=\"elementor-container elementor-column-gap-default\">\n\t\t\t\t\t<div class=\"elementor-column elementor-col-100 elementor-top-column elementor-element elementor-element-0e3795e\" data-id=\"0e3795e\" data-element_type=\"column\" data-e-type=\"column\">\n\t\t\t<div class=\"elementor-widget-wrap elementor-element-populated\">\n\t\t\t\t\t\t<div class=\"elementor-element elementor-element-cd4eb74 elementor-widget elementor-widget-text-editor\" data-id=\"cd4eb74\" data-element_type=\"widget\" data-e-type=\"widget\" data-widget_type=\"text-editor.default\">\n\t\t\t\t<div class=\"elementor-widget-container\">\n\t\t\t\t\t\t\t\t\t<section class=\"elementor-section elementor-top-section elementor-element elementor-element-2f8cf8a elementor-section-boxed elementor-section-height-default elementor-section-height-default\" data-id=\"2f8cf8a\" data-element_type=\"section\"><div class=\"elementor-container elementor-column-gap-default\"><div class=\"elementor-column elementor-col-50 elementor-top-column elementor-element elementor-element-cebaea6\" data-id=\"cebaea6\" data-element_type=\"column\"><div class=\"elementor-widget-wrap elementor-element-populated\"><div class=\"elementor-element elementor-element-505ece6 elementor-widget elementor-widget-heading\" data-id=\"505ece6\" data-element_type=\"widget\" data-widget_type=\"heading.default\"><div class=\"elementor-widget-container\"><h5 class=\"elementor-heading-title elementor-size-default\">O que s\u00e3o cookies e para que eles s\u00e3o usados?<\/h5><\/div><\/div><div class=\"elementor-element elementor-element-feeefb2 elementor-widget elementor-widget-text-editor\" data-id=\"feeefb2\" data-element_type=\"widget\" data-widget_type=\"text-editor.default\"><div class=\"elementor-widget-container\"><p>Um cookie \u00e9 um arquivo de texto que pode ser armazenado, sujeito \u00e0s suas escolhas, em um espa\u00e7o dedicado no disco r\u00edgido do seu terminal (computador, tablet, etc.) quando voc\u00ea consulta um servi\u00e7o on-line usando o software do navegador.<\/p><p>Ele \u00e9 transmitido pelo servidor de um site para o seu navegador. Cada cookie recebe um identificador an\u00f4nimo. <\/p><p>O arquivo de cookie permite que seu emissor identifique o terminal no qual ele est\u00e1 armazenado durante o per\u00edodo de validade ou armazenamento do cookie em quest\u00e3o.<\/p><p>  Um cookie n\u00e3o pode ser rastreado at\u00e9 um indiv\u00edduo.<\/p><\/div><\/div><\/div><\/div><\/div><\/section><section class=\"elementor-section elementor-top-section elementor-element elementor-element-34efe4c elementor-section-boxed elementor-section-height-default elementor-section-height-default\" data-id=\"34efe4c\" data-element_type=\"section\"><div class=\"elementor-container elementor-column-gap-default\"><div class=\"elementor-column elementor-col-50 elementor-top-column elementor-element elementor-element-48764db\" data-id=\"48764db\" data-element_type=\"column\"><div class=\"elementor-widget-wrap elementor-element-populated\"><div class=\"elementor-element elementor-element-23767f3 elementor-widget elementor-widget-heading\" data-id=\"23767f3\" data-element_type=\"widget\" data-widget_type=\"heading.default\"><div class=\"elementor-widget-container\"><h5 class=\"elementor-heading-title elementor-size-default\">Que tipos de cookies s\u00e3o colocados em nosso site?<\/h5><\/div><\/div><div class=\"elementor-element elementor-element-6cdce5f elementor-widget elementor-widget-text-editor\" data-id=\"6cdce5f\" data-element_type=\"widget\" data-widget_type=\"text-editor.default\"><div class=\"elementor-widget-container\"><p>Este site usa cookies apenas para sua opera\u00e7\u00e3o adequada.<\/p><p>  Eles s\u00e3o usados para lembrar suas prefer\u00eancias de navega\u00e7\u00e3o e o idioma de exibi\u00e7\u00e3o que voc\u00ea escolheu.<\/p><p>N\u00e3o s\u00e3o usados cookies de terceiros e nenhuma informa\u00e7\u00e3o \u00e9 transmitida a terceiros.<\/p><p>Tamb\u00e9m usamos nosso pr\u00f3prio servidor de estat\u00edsticas para avaliar a relev\u00e2ncia do conte\u00fado do nosso site.<\/p><\/div><\/div><\/div><\/div><\/div><\/section>\t\t\t\t\t\t\t\t<\/div>\n\t\t\t\t<\/div>\n\t\t\t\t\t<\/div>\n\t\t<\/div>\n\t\t\t\t\t<\/div>\n\t\t<\/section>\n\t\t\t\t<section class=\"elementor-section elementor-top-section elementor-element elementor-element-fd20884 elementor-section-boxed elementor-section-height-default elementor-section-height-default\" data-id=\"fd20884\" data-element_type=\"section\" data-e-type=\"section\" data-settings=\"{&quot;_ha_eqh_enable&quot;:false}\">\n\t\t\t\t\t\t<div class=\"elementor-container elementor-column-gap-default\">\n\t\t\t\t\t<div class=\"elementor-column elementor-col-100 elementor-top-column elementor-element elementor-element-02a5d50\" data-id=\"02a5d50\" data-element_type=\"column\" data-e-type=\"column\">\n\t\t\t<div class=\"elementor-widget-wrap elementor-element-populated\">\n\t\t\t\t\t\t<div class=\"elementor-element elementor-element-c9cb5a0 elementor-widget elementor-widget-spacer\" data-id=\"c9cb5a0\" data-element_type=\"widget\" data-e-type=\"widget\" data-widget_type=\"spacer.default\">\n\t\t\t\t<div class=\"elementor-widget-container\">\n\t\t\t\t\t\t\t<div class=\"elementor-spacer\">\n\t\t\t<div class=\"elementor-spacer-inner\"><\/div>\n\t\t<\/div>\n\t\t\t\t\t\t<\/div>\n\t\t\t\t<\/div>\n\t\t\t\t\t<\/div>\n\t\t<\/div>\n\t\t\t\t\t<\/div>\n\t\t<\/section>\n\t\t\t\t<\/div>\n\t\t","protected":false},"excerpt":{"rendered":"<p>Informa\u00e7\u00f5es legais Os avisos legais que se aplicam a todos os usu\u00e1rios da Internet que visitam este site A simples consulta ou visita a este site implica a aceita\u00e7\u00e3o irrestrita desses termos. Observe que esses avisos legais podem ser alterados a qualquer momento sem aviso pr\u00e9vio. Informa\u00e7\u00f5es legais De acordo com a Lei da Economia <\/p>\n","protected":false},"author":2,"featured_media":0,"parent":0,"menu_order":0,"comment_status":"closed","ping_status":"closed","template":"","meta":{"_acf_changed":false,"footnotes":""},"class_list":["post-5928","page","type-page","status-publish","hentry"],"acf":[],"aioseo_notices":[],"_links":{"self":[{"href":"https:\/\/www.it-cyberwall.com\/pt-br\/wp-json\/wp\/v2\/pages\/5928","targetHints":{"allow":["GET"]}}],"collection":[{"href":"https:\/\/www.it-cyberwall.com\/pt-br\/wp-json\/wp\/v2\/pages"}],"about":[{"href":"https:\/\/www.it-cyberwall.com\/pt-br\/wp-json\/wp\/v2\/types\/page"}],"author":[{"embeddable":true,"href":"https:\/\/www.it-cyberwall.com\/pt-br\/wp-json\/wp\/v2\/users\/2"}],"replies":[{"embeddable":true,"href":"https:\/\/www.it-cyberwall.com\/pt-br\/wp-json\/wp\/v2\/comments?post=5928"}],"version-history":[{"count":1,"href":"https:\/\/www.it-cyberwall.com\/pt-br\/wp-json\/wp\/v2\/pages\/5928\/revisions"}],"predecessor-version":[{"id":5929,"href":"https:\/\/www.it-cyberwall.com\/pt-br\/wp-json\/wp\/v2\/pages\/5928\/revisions\/5929"}],"wp:attachment":[{"href":"https:\/\/www.it-cyberwall.com\/pt-br\/wp-json\/wp\/v2\/media?parent=5928"}],"curies":[{"name":"wp","href":"https:\/\/api.w.org\/{rel}","templated":true}]}}