{"id":5965,"date":"2022-06-27T07:23:08","date_gmt":"2022-06-27T05:23:08","guid":{"rendered":"https:\/\/www.it-cyberwall.com\/politica-de-privacidade-2\/"},"modified":"2025-04-26T20:10:35","modified_gmt":"2025-04-26T18:10:35","slug":"politica-de-privacidade-2","status":"publish","type":"page","link":"https:\/\/www.it-cyberwall.com\/pt-br\/politica-de-privacidade-2\/","title":{"rendered":"Pol\u00edtica de privacidade"},"content":{"rendered":"\t\t<div data-elementor-type=\"wp-page\" data-elementor-id=\"5965\" class=\"elementor elementor-5965 elementor-2178\" data-elementor-post-type=\"page\">\n\t\t\t\t\t\t<section class=\"elementor-section elementor-top-section elementor-element elementor-element-31868f28 elementor-section-boxed elementor-section-height-default elementor-section-height-default\" data-id=\"31868f28\" data-element_type=\"section\" data-e-type=\"section\" data-settings=\"{&quot;_ha_eqh_enable&quot;:false}\">\n\t\t\t\t\t\t<div class=\"elementor-container elementor-column-gap-default\">\n\t\t\t\t\t<div class=\"elementor-column elementor-col-100 elementor-top-column elementor-element elementor-element-26af7de4\" data-id=\"26af7de4\" data-element_type=\"column\" data-e-type=\"column\">\n\t\t\t<div class=\"elementor-widget-wrap elementor-element-populated\">\n\t\t\t\t\t\t<div class=\"elementor-element elementor-element-ef4f29c elementor-widget elementor-widget-spacer\" data-id=\"ef4f29c\" data-element_type=\"widget\" data-e-type=\"widget\" data-widget_type=\"spacer.default\">\n\t\t\t\t<div class=\"elementor-widget-container\">\n\t\t\t\t\t\t\t<div class=\"elementor-spacer\">\n\t\t\t<div class=\"elementor-spacer-inner\"><\/div>\n\t\t<\/div>\n\t\t\t\t\t\t<\/div>\n\t\t\t\t<\/div>\n\t\t\t\t<div class=\"elementor-element elementor-element-5077ca09 elementor-widget elementor-widget-text-editor\" data-id=\"5077ca09\" data-element_type=\"widget\" data-e-type=\"widget\" data-widget_type=\"text-editor.default\">\n\t\t\t\t<div class=\"elementor-widget-container\">\n\t\t\t\t\t\t\t\t\t<h2><span style=\"color: #212121; font-family: Rubik; font-size: 15px; font-weight: 400; text-transform: none;\"><strong>\u00daltima atualiza\u00e7\u00e3o:<\/strong> 20 de abril de 2025<\/span><\/h2><p>Na <strong>IT CyberWall<\/strong>, damos grande import\u00e2ncia \u00e0 confidencialidade e \u00e0 prote\u00e7\u00e3o dos dados pessoais de nossos usu\u00e1rios, independentemente de sua localiza\u00e7\u00e3o ou pa\u00eds de resid\u00eancia.<\/p><p>Nossa pol\u00edtica de privacidade foi criada para cumprir as regulamenta\u00e7\u00f5es europeias (incluindo o <strong>RGPD<\/strong>), mas tamb\u00e9m para cumprir os requisitos locais aplic\u00e1veis em outras jurisdi\u00e7\u00f5es, incluindo a \u00c1frica, a Am\u00e9rica do Norte e outras \u00e1reas regulamentadas. Quando uma legisla\u00e7\u00e3o espec\u00edfica pro\u00edbe ou restringe a transfer\u00eancia de dados para o exterior, tomamos o cuidado de cumprir rigorosamente essa legisla\u00e7\u00e3o. <\/p><p>Esta pol\u00edtica tem como objetivo fornecer a voc\u00ea informa\u00e7\u00f5es claras e transparentes sobre :<\/p><p>Os dados que coletamos<\/p><p>Como os usamos<\/p><p>Seus direitos como usu\u00e1rio<\/p><p>Medidas em vigor para proteger sua privacidade<\/p><p>NB: Para os fins deste documento, o termo <em data-start=\"286\" data-end=\"305\">&#8220;polo regional&#8221;<\/em> (tamb\u00e9m conhecido como <em data-start=\"324\" data-end=\"333\">&#8220;hub&#8221;)<\/em> refere-se a uma entidade legal do grupo <strong data-start=\"374\" data-end=\"392\">Pioneer Humani<\/strong> respons\u00e1vel por coordenar, apoiar e supervisionar as atividades de suas subsidi\u00e1rias localizadas no mesmo continente ou territ\u00f3rio geogr\u00e1fico. Esses polos podem, em conformidade com a legisla\u00e7\u00e3o local e europeia de prote\u00e7\u00e3o de dados, acessar informa\u00e7\u00f5es que sejam estritamente necess\u00e1rias para a presta\u00e7\u00e3o de servi\u00e7os, conformidade regulat\u00f3ria ou atividades de suporte ou comunica\u00e7\u00e3o, como parte de sua miss\u00e3o de gerenciamento regional. <\/p><h1>1. Identidade do controlador de dados<\/h1><p>O site <strong>CyberWall IT<\/strong> \u00e9 publicado pela <span style=\"text-decoration: underline;\">D\u00e9dicace Software<\/span>, que representa o grupo Pioneer Humani na Europa e \u00e9 respons\u00e1vel pela promo\u00e7\u00e3o, venda e fornecimento dos servi\u00e7os CyberWall IT nessa \u00e1rea. Fora da Europa, essas atividades s\u00e3o <span style=\"text-decoration: underline;\">realizadas diretamente pela Pioneer Humani<\/span> por meio de seus centros regionais e suas respectivas subsidi\u00e1rias. <\/p><p>Se tiver alguma d\u00favida sobre a prote\u00e7\u00e3o de dados, voc\u00ea pode entrar em contato com nosso Diretor de Prote\u00e7\u00e3o de Dados (DPO):<\/p><p>\ud83d\udce7 dpo@it-cyberwall.com<\/p><h1>2. Dados coletados<\/h1><p>A Pioneer Humani pode coletar os seguintes tipos de dados e transmiti-los \u00e0s entidades do grupo (centro ou subsidi\u00e1ria) respons\u00e1veis pelos dados em quest\u00e3o geograficamente:<\/p><p><strong>Dados de identifica\u00e7\u00e3o:<\/strong> sobrenome, nome, e-mail, n\u00famero de telefone, endere\u00e7o postal (em conex\u00e3o com o gerenciamento de seus pedidos).<\/p><p><strong>Dados t\u00e9cnicos:<\/strong> endere\u00e7o IP, tipo de navegador, idioma preferido (para fins estat\u00edsticos internos, sua prefer\u00eancia de idioma \u00e9 registrada por meio de um cookie).<\/p><p><strong>Dados relacionados aos seus pedidos:<\/strong> hist\u00f3rico de compras, informa\u00e7\u00f5es de faturamento e meios de pagamento.<\/p><p>\u2666 <strong>Mensagens:<\/strong> conte\u00fado de solicita\u00e7\u00f5es por meio de nosso formul\u00e1rio de contato.<\/p><p><strong>Dados de uso:<\/strong> p\u00e1ginas visitadas, tempo gasto no site (por meio de nosso servidor de estat\u00edsticas equipado com a solu\u00e7\u00e3o Matomo).<\/p><h1>3. M\u00e9todos de coleta<\/h1><p>Os dados s\u00e3o coletados via :<\/p><p>\u2666 O <strong>formul\u00e1rio de contato<\/strong><\/p><p>O <strong>processo de pedido<\/strong> por meio desta loja on-line<\/p><p>\u2666 <strong>Cookies funcionais e de medi\u00e7\u00e3o de p\u00fablico-alvo<\/strong> (especialmente cookies de idioma)<\/p><p><strong>Assinaturas de informa\u00e7\u00f5es sobre nossos produtos e servi\u00e7os<\/strong><\/p><h1>4. Objetivos do processamento<\/h1><p>Seus dados s\u00e3o coletados para as seguintes finalidades:<\/p><p>Processamento e rastreamento de <strong>pedidos<\/strong> feitos em nossa loja on-line<\/p><p>Respostas a <strong>solicita\u00e7\u00f5es de contato<\/strong><\/p><p>Envio de informa\u00e7\u00f5es sobre nossos produtos e servi\u00e7os (com o seu consentimento).<\/p><p>Melhorar a <strong>experi\u00eancia do usu\u00e1rio<\/strong> (idioma, prefer\u00eancias)<\/p><p><strong>Estat\u00edsticas de tr\u00e1fego do site<\/strong> (por meio de nosso servidor Matomo)<\/p><h1>5. Base legal para o processamento<\/h1><p>De acordo com o Regulamento Geral de Prote\u00e7\u00e3o de Dados (GDPR), o processamento de seus dados \u00e9 baseado em :<\/p><p>\u2666 S <strong>eu consentimento<\/strong> (por exemplo, assinatura de informa\u00e7\u00f5es sobre nossos produtos e servi\u00e7os).<\/p><p><strong>Execu\u00e7\u00e3o de um contrato<\/strong> (comissionamento de servi\u00e7os)<\/p><p><strong>\u2666 Nosso interesse leg\u00edtimo<\/strong> (melhoria do servi\u00e7o, an\u00e1lise de tr\u00e1fego).<\/p><p><strong>Obriga\u00e7\u00f5es legais<\/strong> (faturamento e outras)<\/p><h1>6. Cookies<\/h1><p>Usamos cookies para :<\/p><p>Salvar o idioma de navega\u00e7\u00e3o<\/p><p>Assegurar o bom funcionamento do site, em especial da se\u00e7\u00e3o de compras on-line<\/p><p>Medir o p\u00fablico (por meio de nosso servidor de estat\u00edsticas, sem transferir dados a terceiros).<\/p><p>Voc\u00ea pode gerenciar suas prefer\u00eancias de cookies a qualquer momento usando a ferramenta de gerenciamento de consentimento (a ser integrada, se necess\u00e1rio).<\/p><h1>7. Destinat\u00e1rios dos dados<\/h1><p>Seus dados pessoais s\u00e3o processados pela <strong>IT CyberWall<\/strong> e podem, dependendo da sua localiza\u00e7\u00e3o, estar acess\u00edveis <strong>a entidades autorizadas do grupo Pioneer Humani<\/strong>, em particular a subsidi\u00e1ria regional em quest\u00e3o, sua divis\u00e3o regional e a empresa controladora.<\/p><p>Esse acesso \u00e9 <strong>estritamente limitado<\/strong> \u00e0s necessidades associadas \u00e0 presta\u00e7\u00e3o de servi\u00e7os, ao cumprimento de obriga\u00e7\u00f5es legais ou regulamentares e, quando aplic\u00e1vel, \u00e0 prospec\u00e7\u00e3o comercial, de acordo com a legisla\u00e7\u00e3o atual de prote\u00e7\u00e3o de dados.<\/p><p>Nenhum dado \u00e9 transferido para terceiros comerciais. As estat\u00edsticas s\u00e3o hospedadas em nossos pr\u00f3prios servidores via <strong>Matomo<\/strong>. <\/p><h1>8. Prazo de validade<\/h1><p><strong>Dados do cliente:<\/strong> mantidos por 3 anos ap\u00f3s a \u00faltima intera\u00e7\u00e3o ou 10 anos (dependendo das regulamenta\u00e7\u00f5es em vigor nos pa\u00edses em quest\u00e3o) para dados cont\u00e1beis.<\/p><p><strong>Dados de contato:<\/strong> 1 ano ap\u00f3s o \u00faltimo contato.<\/p><p><strong>Cookies:<\/strong> no m\u00e1ximo 13 meses.<\/p><p><strong>Dados estat\u00edsticos an\u00f4nimos:<\/strong> at\u00e9 37 meses.<\/p><h1>9. Seus direitos<\/h1><p>De acordo com o RGPD, voc\u00ea tem os seguintes direitos:<\/p><p>Direito de acesso<\/p><p>Direito de retifica\u00e7\u00e3o<\/p><p>Direito de exclus\u00e3o<\/p><p>Direito de restringir o processamento<\/p><p>Direito de contestar<\/p><p>Direito \u00e0 portabilidade<\/p><p>Para exercer seus direitos, entre em contato conosco pelo e-mail<\/p><p>\ud83d\udce7 dpo@it-cyberwall.com<\/p><p>Voc\u00ea tamb\u00e9m pode apresentar uma reclama\u00e7\u00e3o \u00e0 <strong>CNIL<\/strong> na Fran\u00e7a (www.cnil.fr).<\/p><h1>10. Seguran\u00e7a de dados<\/h1><p>Implementamos todas as medidas t\u00e9cnicas e organizacionais necess\u00e1rias para garantir a seguran\u00e7a dos seus dados (criptografia SSL, servidores seguros, gerenciamento de acesso, etc.).<\/p><h1>11. Transfer\u00eancia internacional de dados e localiza\u00e7\u00e3o do processamento<\/h1><p>A IT CyberWall est\u00e1 comprometida com o cumprimento de todas as regulamenta\u00e7\u00f5es aplic\u00e1veis relativas \u00e0 <strong>prote\u00e7\u00e3o de dados pessoais e transfer\u00eancias internacionais<\/strong>, de acordo com o <strong>Regulamento Geral de Prote\u00e7\u00e3o de Dados (GDPR<\/strong> ) para clientes europeus, bem como com a legisla\u00e7\u00e3o local aplic\u00e1vel em outros territ\u00f3rios.<\/p><p><strong>Para nossos clientes localizados na Uni\u00e3o Europeia<\/strong>, os dados pessoais s\u00e3o <strong>hospedados e processados<\/strong> exclusivamente <strong>em servidores localizados no Espa\u00e7o Econ\u00f4mico Europeu (EEE)<\/strong>. Nenhum dado \u00e9 transferido para fora da UE, a menos que voc\u00ea o fa\u00e7a: <\/p><p>\u21d2 Isso \u00e9 <strong>necess\u00e1rio para a execu\u00e7\u00e3o de um servi\u00e7o solicitado explicitamente<\/strong> pelo usu\u00e1rio;<\/p><p>\u21d2 Ou que atenda a uma <strong>obriga\u00e7\u00e3o legal<\/strong> ou contratual justificada.<\/p><p><strong>Para nossos clientes sediados fora da Uni\u00e3o Europeia<\/strong>, especialmente na \u00c1frica, na \u00c1sia ou na Am\u00e9rica do Sul, os dados s\u00e3o <strong>hospedados o mais localmente poss\u00edvel<\/strong>, ou seja, voc\u00ea pode usar o servi\u00e7o de <strong>hospedagem<\/strong> de dados:<\/p><p>\u21d2 No pa\u00eds do cliente, onde a infraestrutura dispon\u00edvel est\u00e1 em conformidade com os padr\u00f5es de seguran\u00e7a e a legisla\u00e7\u00e3o local;<\/p><p>\u21d2 Ou em um <strong>terceiro pa\u00eds reconhecido como tendo um n\u00edvel adequado de prote\u00e7\u00e3o<\/strong> ou onde existam salvaguardas legais apropriadas (cl\u00e1usulas contratuais padr\u00e3o, BCR, etc.).<\/p><p><strong>Em todos os casos, a IT CyberWall garante que qualquer transfer\u00eancia transfronteiri\u00e7a cumpra rigorosamente as estruturas legais em vigor e implementa medidas t\u00e9cnicas e organizacionais adequadas para garantir a seguran\u00e7a, a confidencialidade e a integridade dos dados processados.<\/strong><\/p><p><span style=\"text-decoration: underline;\">Exemplo:<\/span> os dados coletados de clientes localizados em territ\u00f3rio africano n\u00e3o s\u00e3o transferidos para a Europa ou qualquer outra jurisdi\u00e7\u00e3o sem a verifica\u00e7\u00e3o pr\u00e9via da conformidade com as leis locais e sem uma estrutura legal apropriada.<\/p><h1>13. Regulamentos por regi\u00e3o<\/h1><p><strong>Usu\u00e1rios baseados no Marrocos<\/strong><\/p><p>De acordo com a lei 09-08 relativa \u00e0 prote\u00e7\u00e3o de dados pessoais, a IT CyberWall se compromete a n\u00e3o transferir os dados pessoais dos usu\u00e1rios marroquinos para fora do territ\u00f3rio nacional sem a autoriza\u00e7\u00e3o do CNDP. Os servi\u00e7os e os dados t\u00e9cnicos e comerciais s\u00e3o hospedados localmente ou em infraestruturas localizadas no Marrocos ou em pa\u00edses reconhecidos como adequados pelo CNDP. <\/p><p><strong>Usu\u00e1rios localizados em outros pa\u00edses africanos<\/strong><\/p><p>Cumprimos as normas locais aplic\u00e1veis sobre soberania de dados. Sempre que poss\u00edvel, hospedamos os dados e servi\u00e7os de nossos clientes africanos em infraestruturas locais ou regionais e evitamos qualquer transfer\u00eancia de dados confidenciais para fora do continente sem consentimento ou necessidade contratual justificada. <\/p><p><strong>Usu\u00e1rios baseados no Brasil<\/strong><\/p><p>De acordo com a LGPD, os dados de usu\u00e1rios brasileiros somente s\u00e3o transferidos para o exterior se o pa\u00eds de destino (como a Uni\u00e3o Europeia) garantir um n\u00edvel adequado de prote\u00e7\u00e3o, ou com base em consentimento expl\u00edcito. A IT CyberWall hospeda os servi\u00e7os e os dados confidenciais de seus clientes brasileiros localmente, salvo acordo contratual em contr\u00e1rio. <\/p><p><strong>Usu\u00e1rios baseados no M\u00e9xico<\/strong><\/p><p>De acordo com o LFPDPPP, a IT CyberWall informa aos usu\u00e1rios mexicanos que determinados dados necess\u00e1rios para processar pedidos (por exemplo, dados de faturamento) podem ser processados na Uni\u00e3o Europeia. Nenhuma transfer\u00eancia de dados confidenciais \u00e9 feita sem consentimento expl\u00edcito ou obriga\u00e7\u00e3o legal. <\/p><p><strong>Usu\u00e1rios localizados na \u00c1sia<\/strong><\/p><p>Cumprimos as normas locais aplic\u00e1veis, como a Lei de Prote\u00e7\u00e3o de Dados da \u00cdndia (DPDPA 2023) ou equivalente. A IT CyberWall garante que os servi\u00e7os e dados de clientes asi\u00e1ticos sejam hospedados em infraestrutura regional ou local. Nenhuma transfer\u00eancia internacional \u00e9 feita sem base legal ou consentimento informado.  <\/p><p><strong>Usu\u00e1rios baseados na China<\/strong><\/p><p>De acordo com a PIPL, nenhum dado pessoal coletado na China ser\u00e1 transferido para o exterior sem avalia\u00e7\u00e3o pr\u00e9via da seguran\u00e7a dos dados e, se necess\u00e1rio, autoriza\u00e7\u00e3o das autoridades competentes. Os servi\u00e7os e dados chineses s\u00e3o hospedados exclusivamente em servidores localizados na China. <\/p><h1>14. Emendas \u00e0 pol\u00edtica<\/h1><p>Esta pol\u00edtica pode ser atualizada a qualquer momento. A vers\u00e3o atual \u00e9 a que est\u00e1 publicada neste site. <\/p>\t\t\t\t\t\t\t\t<\/div>\n\t\t\t\t<\/div>\n\t\t\t\t\t<\/div>\n\t\t<\/div>\n\t\t\t\t\t<\/div>\n\t\t<\/section>\n\t\t\t\t<\/div>\n\t\t","protected":false},"excerpt":{"rendered":"<p>\u00daltima atualiza\u00e7\u00e3o: 20 de abril de 2025 Na IT CyberWall, damos grande import\u00e2ncia \u00e0 confidencialidade e \u00e0 prote\u00e7\u00e3o dos dados pessoais de nossos usu\u00e1rios, independentemente de sua localiza\u00e7\u00e3o ou pa\u00eds de resid\u00eancia. Nossa pol\u00edtica de privacidade foi criada para cumprir as regulamenta\u00e7\u00f5es europeias (incluindo o RGPD), mas tamb\u00e9m para cumprir os requisitos locais aplic\u00e1veis em <\/p>\n","protected":false},"author":1,"featured_media":0,"parent":0,"menu_order":0,"comment_status":"closed","ping_status":"open","template":"","meta":{"_acf_changed":false,"footnotes":""},"class_list":["post-5965","page","type-page","status-publish","hentry"],"acf":[],"aioseo_notices":[],"_links":{"self":[{"href":"https:\/\/www.it-cyberwall.com\/pt-br\/wp-json\/wp\/v2\/pages\/5965","targetHints":{"allow":["GET"]}}],"collection":[{"href":"https:\/\/www.it-cyberwall.com\/pt-br\/wp-json\/wp\/v2\/pages"}],"about":[{"href":"https:\/\/www.it-cyberwall.com\/pt-br\/wp-json\/wp\/v2\/types\/page"}],"author":[{"embeddable":true,"href":"https:\/\/www.it-cyberwall.com\/pt-br\/wp-json\/wp\/v2\/users\/1"}],"replies":[{"embeddable":true,"href":"https:\/\/www.it-cyberwall.com\/pt-br\/wp-json\/wp\/v2\/comments?post=5965"}],"version-history":[{"count":1,"href":"https:\/\/www.it-cyberwall.com\/pt-br\/wp-json\/wp\/v2\/pages\/5965\/revisions"}],"predecessor-version":[{"id":5966,"href":"https:\/\/www.it-cyberwall.com\/pt-br\/wp-json\/wp\/v2\/pages\/5965\/revisions\/5966"}],"wp:attachment":[{"href":"https:\/\/www.it-cyberwall.com\/pt-br\/wp-json\/wp\/v2\/media?parent=5965"}],"curies":[{"name":"wp","href":"https:\/\/api.w.org\/{rel}","templated":true}]}}