{"id":5950,"date":"2023-11-09T13:44:52","date_gmt":"2023-11-09T12:44:52","guid":{"rendered":"https:\/\/www.it-cyberwall.com\/informacao-juridica\/"},"modified":"2025-04-26T20:00:57","modified_gmt":"2025-04-26T18:00:57","slug":"informacao-juridica","status":"publish","type":"page","link":"https:\/\/www.it-cyberwall.com\/pt-pt\/informacao-juridica\/","title":{"rendered":"Informa\u00e7\u00e3o jur\u00eddica"},"content":{"rendered":"\t\t<div data-elementor-type=\"wp-page\" data-elementor-id=\"5950\" class=\"elementor elementor-5950 elementor-2195\" data-elementor-post-type=\"page\">\n\t\t\t\t\t\t<section class=\"elementor-section elementor-top-section elementor-element elementor-element-084145c elementor-section-boxed elementor-section-height-default elementor-section-height-default\" data-id=\"084145c\" data-element_type=\"section\" data-e-type=\"section\" data-settings=\"{&quot;_ha_eqh_enable&quot;:false}\">\n\t\t\t\t\t\t<div class=\"elementor-container elementor-column-gap-default\">\n\t\t\t\t\t<div class=\"elementor-column elementor-col-100 elementor-top-column elementor-element elementor-element-ef4625c\" data-id=\"ef4625c\" data-element_type=\"column\" data-e-type=\"column\">\n\t\t\t<div class=\"elementor-widget-wrap elementor-element-populated\">\n\t\t\t\t\t\t<div class=\"elementor-element elementor-element-7aa1197 elementor-widget elementor-widget-spacer\" data-id=\"7aa1197\" data-element_type=\"widget\" data-e-type=\"widget\" data-widget_type=\"spacer.default\">\n\t\t\t\t<div class=\"elementor-widget-container\">\n\t\t\t\t\t\t\t<div class=\"elementor-spacer\">\n\t\t\t<div class=\"elementor-spacer-inner\"><\/div>\n\t\t<\/div>\n\t\t\t\t\t\t<\/div>\n\t\t\t\t<\/div>\n\t\t\t\t\t<\/div>\n\t\t<\/div>\n\t\t\t\t\t<\/div>\n\t\t<\/section>\n\t\t\t\t<section class=\"elementor-section elementor-top-section elementor-element elementor-element-c8b1063 elementor-section-boxed elementor-section-height-default elementor-section-height-default\" data-id=\"c8b1063\" data-element_type=\"section\" data-e-type=\"section\" data-settings=\"{&quot;_ha_eqh_enable&quot;:false}\">\n\t\t\t\t\t\t<div class=\"elementor-container elementor-column-gap-default\">\n\t\t\t\t\t<div class=\"elementor-column elementor-col-100 elementor-top-column elementor-element elementor-element-53d6fc6\" data-id=\"53d6fc6\" data-element_type=\"column\" data-e-type=\"column\">\n\t\t\t<div class=\"elementor-widget-wrap elementor-element-populated\">\n\t\t\t\t\t\t<div class=\"elementor-element elementor-element-e3232b3 elementor-widget elementor-widget-heading\" data-id=\"e3232b3\" data-element_type=\"widget\" data-e-type=\"widget\" data-widget_type=\"heading.default\">\n\t\t\t\t<div class=\"elementor-widget-container\">\n\t\t\t\t\t<h1 class=\"elementor-heading-title elementor-size-default\">Informa\u00e7\u00e3o jur\u00eddica<\/h1>\t\t\t\t<\/div>\n\t\t\t\t<\/div>\n\t\t\t\t<div class=\"elementor-element elementor-element-ae61879 elementor-widget elementor-widget-spacer\" data-id=\"ae61879\" data-element_type=\"widget\" data-e-type=\"widget\" data-widget_type=\"spacer.default\">\n\t\t\t\t<div class=\"elementor-widget-container\">\n\t\t\t\t\t\t\t<div class=\"elementor-spacer\">\n\t\t\t<div class=\"elementor-spacer-inner\"><\/div>\n\t\t<\/div>\n\t\t\t\t\t\t<\/div>\n\t\t\t\t<\/div>\n\t\t\t\t\t<\/div>\n\t\t<\/div>\n\t\t\t\t\t<\/div>\n\t\t<\/section>\n\t\t\t\t<section class=\"elementor-section elementor-top-section elementor-element elementor-element-9554980 elementor-section-boxed elementor-section-height-default elementor-section-height-default\" data-id=\"9554980\" data-element_type=\"section\" data-e-type=\"section\" data-settings=\"{&quot;_ha_eqh_enable&quot;:false}\">\n\t\t\t\t\t\t<div class=\"elementor-container elementor-column-gap-default\">\n\t\t\t\t\t<div class=\"elementor-column elementor-col-100 elementor-top-column elementor-element elementor-element-b297a39\" data-id=\"b297a39\" data-element_type=\"column\" data-e-type=\"column\">\n\t\t\t<div class=\"elementor-widget-wrap elementor-element-populated\">\n\t\t\t\t\t\t<div class=\"elementor-element elementor-element-aa6f764 elementor-widget elementor-widget-text-editor\" data-id=\"aa6f764\" data-element_type=\"widget\" data-e-type=\"widget\" data-widget_type=\"text-editor.default\">\n\t\t\t\t<div class=\"elementor-widget-container\">\n\t\t\t\t\t\t\t\t\t<section class=\"elementor-section elementor-top-section elementor-element elementor-element-f70d598 elementor-section-boxed elementor-section-height-default elementor-section-height-default\" data-id=\"f70d598\" data-element_type=\"section\"><div class=\"elementor-container elementor-column-gap-default\"><div class=\"elementor-column elementor-col-100 elementor-top-column elementor-element elementor-element-9e20d03\" data-id=\"9e20d03\" data-element_type=\"column\"><div class=\"elementor-widget-wrap elementor-element-populated\"><div class=\"elementor-element elementor-element-24ddde7 elementor-widget elementor-widget-heading\" data-id=\"24ddde7\" data-element_type=\"widget\" data-widget_type=\"heading.default\"><div class=\"elementor-widget-container\"><h3 class=\"elementor-heading-title elementor-size-default\">Os avisos legais que se aplicam a todos os utilizadores da Internet que visitam este s\u00edtio<\/h3><\/div><\/div><div class=\"elementor-element elementor-element-4dec1c0 elementor-widget elementor-widget-text-editor\" data-id=\"4dec1c0\" data-element_type=\"widget\" data-widget_type=\"text-editor.default\"><div class=\"elementor-widget-container\"><p>A simples consulta ou visita deste s\u00edtio implica a aceita\u00e7\u00e3o sem reservas das presentes condi\u00e7\u00f5es.<\/p><p>Tem em aten\u00e7\u00e3o que estes avisos legais podem ser alterados a qualquer momento sem aviso pr\u00e9vio.<\/p><section class=\"elementor-section elementor-top-section elementor-element elementor-element-9f6f263 elementor-section-boxed elementor-section-height-default elementor-section-height-default\" data-id=\"9f6f263\" data-element_type=\"section\"><div class=\"elementor-container elementor-column-gap-default\"><div class=\"elementor-column elementor-col-50 elementor-top-column elementor-element elementor-element-1e07c33\" data-id=\"1e07c33\" data-element_type=\"column\"><div class=\"elementor-widget-wrap elementor-element-populated\"><div class=\"elementor-element elementor-element-02d0045 elementor-widget elementor-widget-text-editor\" data-id=\"02d0045\" data-element_type=\"widget\" data-widget_type=\"text-editor.default\"><div class=\"elementor-widget-container\"> <\/div><\/div><\/div><\/div><\/div><\/section><\/div><\/div><\/div><\/div><\/div><\/section>\t\t\t\t\t\t\t\t<\/div>\n\t\t\t\t<\/div>\n\t\t\t\t\t<\/div>\n\t\t<\/div>\n\t\t\t\t\t<\/div>\n\t\t<\/section>\n\t\t\t\t<section class=\"elementor-section elementor-top-section elementor-element elementor-element-175180e elementor-section-boxed elementor-section-height-default elementor-section-height-default\" data-id=\"175180e\" data-element_type=\"section\" data-e-type=\"section\" data-settings=\"{&quot;_ha_eqh_enable&quot;:false}\">\n\t\t\t\t\t\t<div class=\"elementor-container elementor-column-gap-default\">\n\t\t\t\t\t<div class=\"elementor-column elementor-col-100 elementor-top-column elementor-element elementor-element-e43d14c\" data-id=\"e43d14c\" data-element_type=\"column\" data-e-type=\"column\">\n\t\t\t<div class=\"elementor-widget-wrap elementor-element-populated\">\n\t\t\t\t\t\t<div class=\"elementor-element elementor-element-199a89b elementor-widget elementor-widget-text-editor\" data-id=\"199a89b\" data-element_type=\"widget\" data-e-type=\"widget\" data-widget_type=\"text-editor.default\">\n\t\t\t\t<div class=\"elementor-widget-container\">\n\t\t\t\t\t\t\t\t\t<h4>Informa\u00e7\u00e3o jur\u00eddica<\/h4><div> <\/div><p>Em conformidade com a Lei sobre a Economia Digital (LEN), lei n.\u00ba 2004-275 sobre a confian\u00e7a na economia digital, apresentamos-te os dados de contacto do editor deste s\u00edtio Web.<\/p><div> <\/div><h4>Editor do s\u00edtio Web<\/h4><div class=\"elementor-element elementor-element-ac9d578 elementor-widget elementor-widget-text-editor\" data-id=\"ac9d578\" data-element_type=\"widget\" data-widget_type=\"text-editor.default\"><div class=\"elementor-widget-container\"><p class=\"rtecenter\">D\u00c9DICACE SOFTWARE SAS<br \/>4, ROUTE DE LA COTE A BOURNET<br \/>16440 MOUTHIERS SUR BOEME<\/p><p class=\"rtecenter\"><span class=\"\">Representante legal <\/span>: Sr. DESEE Simon,<br \/><i>Presidente da SAS D\u00e9dicace Software<\/i><\/p><p><span class=\"\">Faz parte do grupo Pioneer Humani, respons\u00e1vel pela representa\u00e7\u00e3o, promo\u00e7\u00e3o, venda e fornecimento de servi\u00e7os de TI CyberWall na Europa.<\/span><\/p><p><span class=\"\">Fora da Europa, estas actividades s\u00e3o realizadas diretamente pela Pioneer Humani ou pelos seus centros regionais e respectivas filiais, consoante a regi\u00e3o em causa.<\/span><\/p><p><span class=\"\">A fatura\u00e7\u00e3o \u00e9 igualmente efectuada pela entidade do Grupo respons\u00e1vel pela localiza\u00e7\u00e3o do cliente.<\/span><\/p><\/div><\/div><h4 class=\"elementor-heading-title elementor-size-default\">Acolhimento do s\u00edtio<\/h4><div class=\"elementor-element elementor-element-02d0045 elementor-widget elementor-widget-text-editor\" data-id=\"02d0045\" data-element_type=\"widget\" data-widget_type=\"text-editor.default\"><div class=\"elementor-widget-container\"><p>Online SAS<br \/>BP 438<br \/>75366 Paris CEDEX 08<br \/><a href=\"http:\/\/www.online.net\/\" target=\"_blank\" rel=\"noopener\">http:\/\/www.online.net<\/a><\/p><\/div><\/div>\t\t\t\t\t\t\t\t<\/div>\n\t\t\t\t<\/div>\n\t\t\t\t\t<\/div>\n\t\t<\/div>\n\t\t\t\t\t<\/div>\n\t\t<\/section>\n\t\t\t\t<section class=\"elementor-section elementor-top-section elementor-element elementor-element-c904d72 elementor-section-boxed elementor-section-height-default elementor-section-height-default\" data-id=\"c904d72\" data-element_type=\"section\" data-e-type=\"section\" data-settings=\"{&quot;_ha_eqh_enable&quot;:false}\">\n\t\t\t\t\t\t<div class=\"elementor-container elementor-column-gap-default\">\n\t\t\t\t\t<div class=\"elementor-column elementor-col-100 elementor-top-column elementor-element elementor-element-1f637bf\" data-id=\"1f637bf\" data-element_type=\"column\" data-e-type=\"column\">\n\t\t\t<div class=\"elementor-widget-wrap elementor-element-populated\">\n\t\t\t\t\t\t<div class=\"elementor-element elementor-element-4f01827 elementor-widget elementor-widget-spacer\" data-id=\"4f01827\" data-element_type=\"widget\" data-e-type=\"widget\" data-widget_type=\"spacer.default\">\n\t\t\t\t<div class=\"elementor-widget-container\">\n\t\t\t\t\t\t\t<div class=\"elementor-spacer\">\n\t\t\t<div class=\"elementor-spacer-inner\"><\/div>\n\t\t<\/div>\n\t\t\t\t\t\t<\/div>\n\t\t\t\t<\/div>\n\t\t\t\t\t<\/div>\n\t\t<\/div>\n\t\t\t\t\t<\/div>\n\t\t<\/section>\n\t\t\t\t<section class=\"elementor-section elementor-top-section elementor-element elementor-element-88818c8 elementor-section-boxed elementor-section-height-default elementor-section-height-default\" data-id=\"88818c8\" data-element_type=\"section\" data-e-type=\"section\" data-settings=\"{&quot;_ha_eqh_enable&quot;:false}\">\n\t\t\t\t\t\t<div class=\"elementor-container elementor-column-gap-default\">\n\t\t\t\t\t<div class=\"elementor-column elementor-col-100 elementor-top-column elementor-element elementor-element-4313e59\" data-id=\"4313e59\" data-element_type=\"column\" data-e-type=\"column\">\n\t\t\t<div class=\"elementor-widget-wrap elementor-element-populated\">\n\t\t\t\t\t\t<div class=\"elementor-element elementor-element-1be5f65 elementor-widget elementor-widget-text-editor\" data-id=\"1be5f65\" data-element_type=\"widget\" data-e-type=\"widget\" data-widget_type=\"text-editor.default\">\n\t\t\t\t<div class=\"elementor-widget-container\">\n\t\t\t\t\t\t\t\t\t<section class=\"elementor-section elementor-top-section elementor-element elementor-element-5246682 elementor-section-boxed elementor-section-height-default elementor-section-height-default\" data-id=\"5246682\" data-element_type=\"section\"><div class=\"elementor-container elementor-column-gap-default\"><div class=\"elementor-column elementor-col-100 elementor-top-column elementor-element elementor-element-ae27941\" data-id=\"ae27941\" data-element_type=\"column\"><div class=\"elementor-widget-wrap elementor-element-populated\"><div class=\"elementor-element elementor-element-8154294 elementor-widget elementor-widget-heading\" data-id=\"8154294\" data-element_type=\"widget\" data-widget_type=\"heading.default\"><div class=\"elementor-widget-container\"><h4 class=\"elementor-heading-title elementor-size-default\">Propriedade intelectual<\/h4><\/div><\/div><div class=\"elementor-element elementor-element-134261d elementor-widget elementor-widget-text-editor\" data-id=\"134261d\" data-element_type=\"widget\" data-widget_type=\"text-editor.default\"><div class=\"elementor-widget-container\"><p><span class=\"\">O site <\/span><a href=\"http:\/\/www.it-cyberwall.com\/\">www.it-cyberwall.com<\/a><span class=\"\"> \u00e9 propriedade e \u00e9 gerido pelo grupo Pioneer Humani, atrav\u00e9s da sua filial D\u00e9dicace Software SAS<\/span>, a seguir designada por &#8220;D\u00e9dicace Software&#8221;. Todos os elementos, incluindo (mas n\u00e3o se limitando a) ilustra\u00e7\u00f5es, textos, v\u00eddeos e outros s\u00edtios apresentados em todas as p\u00e1ginas est\u00e3o protegidos pelas leis de propriedade intelectual em vigor. S\u00e3o propriedade da D\u00e9dicace Software ou est\u00e3o sujeitos a uma autoriza\u00e7\u00e3o expressa de utiliza\u00e7\u00e3o.<\/p><p>Nenhum elemento pode ser duplicado, copiado, reproduzido, modificado, republicado, utilizado, transmitido, distribu\u00eddo, etc., seja de que forma for, no todo ou em parte, em qualquer suporte, sem a autoriza\u00e7\u00e3o escrita da D\u00e9dicace Software.<\/p><p>A D\u00e9dicace Software reserva-se o direito de intentar uma a\u00e7\u00e3o judicial em caso de viola\u00e7\u00e3o ou incumprimento dos seus direitos de propriedade intelectual.<\/p><p>As marcas registadas neste s\u00edtio Web s\u00e3o registadas pelas empresas que as det\u00eam.<\/p><\/div><\/div><\/div><\/div><\/div><\/section><section class=\"elementor-section elementor-top-section elementor-element elementor-element-06f012a elementor-section-boxed elementor-section-height-default elementor-section-height-default\" data-id=\"06f012a\" data-element_type=\"section\"><div class=\"elementor-container elementor-column-gap-default\"><div class=\"elementor-column elementor-col-100 elementor-top-column elementor-element elementor-element-a98eda5\" data-id=\"a98eda5\" data-element_type=\"column\"><div class=\"elementor-widget-wrap elementor-element-populated\"><div class=\"elementor-element elementor-element-82171bd elementor-widget elementor-widget-heading\" data-id=\"82171bd\" data-element_type=\"widget\" data-widget_type=\"heading.default\"><div class=\"elementor-widget-container\"><h4 class=\"elementor-heading-title elementor-size-default\">Disponibilidade e conte\u00fado do s\u00edtio<\/h4><\/div><\/div><div class=\"elementor-element elementor-element-dec5fd6 elementor-widget elementor-widget-text-editor\" data-id=\"dec5fd6\" data-element_type=\"widget\" data-widget_type=\"text-editor.default\"><div class=\"elementor-widget-container\"><p>A D\u00e9dicace Software n\u00e3o pode ser responsabilizada em caso de inacessibilidade ou de dificuldades que possam surgir durante a consulta deste s\u00edtio.<\/p><p>O visitante reconhece que as falhas inerentes \u00e0 rede Internet podem dificultar ou mesmo impedir o acesso a este s\u00edtio.<\/p><p>A D\u00e9dicace Software esfor\u00e7a-se por manter actualizados os dados e explica\u00e7\u00f5es apresentados no seu site.<\/p><p>No entanto, o visitante reconhece que pode demorar algum tempo at\u00e9 que as actualiza\u00e7\u00f5es sejam formatadas e tidas em conta neste s\u00edtio.<\/p><\/div><\/div><\/div><\/div><\/div><\/section>\t\t\t\t\t\t\t\t<\/div>\n\t\t\t\t<\/div>\n\t\t\t\t\t<\/div>\n\t\t<\/div>\n\t\t\t\t\t<\/div>\n\t\t<\/section>\n\t\t\t\t<section class=\"elementor-section elementor-top-section elementor-element elementor-element-21b1ccf elementor-section-boxed elementor-section-height-default elementor-section-height-default\" data-id=\"21b1ccf\" data-element_type=\"section\" data-e-type=\"section\" data-settings=\"{&quot;_ha_eqh_enable&quot;:false}\">\n\t\t\t\t\t\t<div class=\"elementor-container elementor-column-gap-default\">\n\t\t\t\t\t<div class=\"elementor-column elementor-col-100 elementor-top-column elementor-element elementor-element-f23c759\" data-id=\"f23c759\" data-element_type=\"column\" data-e-type=\"column\">\n\t\t\t<div class=\"elementor-widget-wrap elementor-element-populated\">\n\t\t\t\t\t\t<div class=\"elementor-element elementor-element-5066487 elementor-widget elementor-widget-text-editor\" data-id=\"5066487\" data-element_type=\"widget\" data-e-type=\"widget\" data-widget_type=\"text-editor.default\">\n\t\t\t\t<div class=\"elementor-widget-container\">\n\t\t\t\t\t\t\t\t\t<h4 class=\"elementor-heading-title elementor-size-default\">Informa\u00e7\u00f5es sobre cookies<\/h4>\t\t\t\t\t\t\t\t<\/div>\n\t\t\t\t<\/div>\n\t\t\t\t\t<\/div>\n\t\t<\/div>\n\t\t\t\t\t<\/div>\n\t\t<\/section>\n\t\t\t\t<section class=\"elementor-section elementor-top-section elementor-element elementor-element-9549f01 elementor-section-full_width elementor-section-height-default elementor-section-height-default\" data-id=\"9549f01\" data-element_type=\"section\" data-e-type=\"section\" data-settings=\"{&quot;_ha_eqh_enable&quot;:false}\">\n\t\t\t\t\t\t<div class=\"elementor-container elementor-column-gap-default\">\n\t\t\t\t\t<div class=\"elementor-column elementor-col-100 elementor-top-column elementor-element elementor-element-0e3795e\" data-id=\"0e3795e\" data-element_type=\"column\" data-e-type=\"column\">\n\t\t\t<div class=\"elementor-widget-wrap elementor-element-populated\">\n\t\t\t\t\t\t<div class=\"elementor-element elementor-element-cd4eb74 elementor-widget elementor-widget-text-editor\" data-id=\"cd4eb74\" data-element_type=\"widget\" data-e-type=\"widget\" data-widget_type=\"text-editor.default\">\n\t\t\t\t<div class=\"elementor-widget-container\">\n\t\t\t\t\t\t\t\t\t<section class=\"elementor-section elementor-top-section elementor-element elementor-element-2f8cf8a elementor-section-boxed elementor-section-height-default elementor-section-height-default\" data-id=\"2f8cf8a\" data-element_type=\"section\"><div class=\"elementor-container elementor-column-gap-default\"><div class=\"elementor-column elementor-col-50 elementor-top-column elementor-element elementor-element-cebaea6\" data-id=\"cebaea6\" data-element_type=\"column\"><div class=\"elementor-widget-wrap elementor-element-populated\"><div class=\"elementor-element elementor-element-505ece6 elementor-widget elementor-widget-heading\" data-id=\"505ece6\" data-element_type=\"widget\" data-widget_type=\"heading.default\"><div class=\"elementor-widget-container\"><h5 class=\"elementor-heading-title elementor-size-default\">O que s\u00e3o cookies e para que s\u00e3o utilizados?<\/h5><\/div><\/div><div class=\"elementor-element elementor-element-feeefb2 elementor-widget elementor-widget-text-editor\" data-id=\"feeefb2\" data-element_type=\"widget\" data-widget_type=\"text-editor.default\"><div class=\"elementor-widget-container\"><p>Um cookie \u00e9 um ficheiro de texto que pode ser armazenado, sob reserva das tuas escolhas, num espa\u00e7o dedicado do disco r\u00edgido do teu terminal (computador, tablet, etc.) quando consultas um servi\u00e7o em linha utilizando o teu software de navega\u00e7\u00e3o.<\/p><p>\u00c9 transmitido pelo servidor de um s\u00edtio Web ao teu browser. A cada cookie \u00e9 atribu\u00eddo um identificador an\u00f3nimo.<\/p><p>O ficheiro cookie permite ao seu emissor identificar o terminal em que est\u00e1 armazenado durante o per\u00edodo de validade ou de armazenamento do cookie em causa.<\/p><p>  Um cookie n\u00e3o pode ser rastreado at\u00e9 um indiv\u00edduo.<\/p><\/div><\/div><\/div><\/div><\/div><\/section><section class=\"elementor-section elementor-top-section elementor-element elementor-element-34efe4c elementor-section-boxed elementor-section-height-default elementor-section-height-default\" data-id=\"34efe4c\" data-element_type=\"section\"><div class=\"elementor-container elementor-column-gap-default\"><div class=\"elementor-column elementor-col-50 elementor-top-column elementor-element elementor-element-48764db\" data-id=\"48764db\" data-element_type=\"column\"><div class=\"elementor-widget-wrap elementor-element-populated\"><div class=\"elementor-element elementor-element-23767f3 elementor-widget elementor-widget-heading\" data-id=\"23767f3\" data-element_type=\"widget\" data-widget_type=\"heading.default\"><div class=\"elementor-widget-container\"><h5 class=\"elementor-heading-title elementor-size-default\">Que tipos de cookies s\u00e3o colocados no nosso s\u00edtio Web?<\/h5><\/div><\/div><div class=\"elementor-element elementor-element-6cdce5f elementor-widget elementor-widget-text-editor\" data-id=\"6cdce5f\" data-element_type=\"widget\" data-widget_type=\"text-editor.default\"><div class=\"elementor-widget-container\"><p>Este s\u00edtio utiliza cookies apenas para o seu bom funcionamento.<\/p><p>  S\u00e3o utilizados para recordar as tuas prefer\u00eancias de navega\u00e7\u00e3o e o idioma de apresenta\u00e7\u00e3o que escolheste.<\/p><p>N\u00e3o s\u00e3o utilizados cookies de terceiros e n\u00e3o s\u00e3o transmitidas informa\u00e7\u00f5es a terceiros.<\/p><p>Tamb\u00e9m utilizamos o nosso pr\u00f3prio servidor de estat\u00edsticas para avaliar a relev\u00e2ncia do conte\u00fado do nosso s\u00edtio.<\/p><\/div><\/div><\/div><\/div><\/div><\/section>\t\t\t\t\t\t\t\t<\/div>\n\t\t\t\t<\/div>\n\t\t\t\t\t<\/div>\n\t\t<\/div>\n\t\t\t\t\t<\/div>\n\t\t<\/section>\n\t\t\t\t<section class=\"elementor-section elementor-top-section elementor-element elementor-element-fd20884 elementor-section-boxed elementor-section-height-default elementor-section-height-default\" data-id=\"fd20884\" data-element_type=\"section\" data-e-type=\"section\" data-settings=\"{&quot;_ha_eqh_enable&quot;:false}\">\n\t\t\t\t\t\t<div class=\"elementor-container elementor-column-gap-default\">\n\t\t\t\t\t<div class=\"elementor-column elementor-col-100 elementor-top-column elementor-element elementor-element-02a5d50\" data-id=\"02a5d50\" data-element_type=\"column\" data-e-type=\"column\">\n\t\t\t<div class=\"elementor-widget-wrap elementor-element-populated\">\n\t\t\t\t\t\t<div class=\"elementor-element elementor-element-c9cb5a0 elementor-widget elementor-widget-spacer\" data-id=\"c9cb5a0\" data-element_type=\"widget\" data-e-type=\"widget\" data-widget_type=\"spacer.default\">\n\t\t\t\t<div class=\"elementor-widget-container\">\n\t\t\t\t\t\t\t<div class=\"elementor-spacer\">\n\t\t\t<div class=\"elementor-spacer-inner\"><\/div>\n\t\t<\/div>\n\t\t\t\t\t\t<\/div>\n\t\t\t\t<\/div>\n\t\t\t\t\t<\/div>\n\t\t<\/div>\n\t\t\t\t\t<\/div>\n\t\t<\/section>\n\t\t\t\t<\/div>\n\t\t","protected":false},"excerpt":{"rendered":"<p>Informa\u00e7\u00e3o jur\u00eddica Os avisos legais que se aplicam a todos os utilizadores da Internet que visitam este s\u00edtio A simples consulta ou visita deste s\u00edtio implica a aceita\u00e7\u00e3o sem reservas das presentes condi\u00e7\u00f5es. Tem em aten\u00e7\u00e3o que estes avisos legais podem ser alterados a qualquer momento sem aviso pr\u00e9vio. Informa\u00e7\u00e3o jur\u00eddica Em conformidade com a <\/p>\n","protected":false},"author":2,"featured_media":0,"parent":0,"menu_order":0,"comment_status":"closed","ping_status":"closed","template":"","meta":{"_acf_changed":false,"footnotes":""},"class_list":["post-5950","page","type-page","status-publish","hentry"],"acf":[],"aioseo_notices":[],"_links":{"self":[{"href":"https:\/\/www.it-cyberwall.com\/pt-pt\/wp-json\/wp\/v2\/pages\/5950","targetHints":{"allow":["GET"]}}],"collection":[{"href":"https:\/\/www.it-cyberwall.com\/pt-pt\/wp-json\/wp\/v2\/pages"}],"about":[{"href":"https:\/\/www.it-cyberwall.com\/pt-pt\/wp-json\/wp\/v2\/types\/page"}],"author":[{"embeddable":true,"href":"https:\/\/www.it-cyberwall.com\/pt-pt\/wp-json\/wp\/v2\/users\/2"}],"replies":[{"embeddable":true,"href":"https:\/\/www.it-cyberwall.com\/pt-pt\/wp-json\/wp\/v2\/comments?post=5950"}],"version-history":[{"count":1,"href":"https:\/\/www.it-cyberwall.com\/pt-pt\/wp-json\/wp\/v2\/pages\/5950\/revisions"}],"predecessor-version":[{"id":5951,"href":"https:\/\/www.it-cyberwall.com\/pt-pt\/wp-json\/wp\/v2\/pages\/5950\/revisions\/5951"}],"wp:attachment":[{"href":"https:\/\/www.it-cyberwall.com\/pt-pt\/wp-json\/wp\/v2\/media?parent=5950"}],"curies":[{"name":"wp","href":"https:\/\/api.w.org\/{rel}","templated":true}]}}